{"id":2241,"date":"2024-09-02T08:10:10","date_gmt":"2024-09-02T11:10:10","guid":{"rendered":"https:\/\/www.alfaterm.com.br\/?page_id=2241"},"modified":"2024-09-09T05:05:46","modified_gmt":"2024-09-09T08:05:46","slug":"manutencao-corretiva-torres-resfriamento","status":"publish","type":"page","link":"https:\/\/www.alfaterm.com.br\/en\/informacoes\/manutencao-corretiva-torres-resfriamento\/","title":{"rendered":"Manuten\u00e7\u00e3o corretiva de torres de resfriamento"},"content":{"rendered":"<p>A&nbsp;manuten\u00e7\u00e3o corretiva de torres de resfriamento&nbsp;\u00e9 necess\u00e1ria quando o equipamento apresenta algum defeito ou falha irrevers\u00edvel, e h\u00e1 que se direcionar as m\u00e1quinas para o conserto. Nesse processo, os maquin\u00e1rios s\u00e3o avaliados, diagnosticados e, caso necess\u00e1rio, a empresa respons\u00e1vel pela&nbsp;manuten\u00e7\u00e3o corretiva de torres de resfriamento&nbsp;efetua a troca das pe\u00e7as pertinentes.<\/p>\n\n\n\n<h2 class=\"wp-block-heading\">MANUTEN\u00c7\u00c3O CORRETIVA DE TORRES DE RESFRIAMENTO E DE SUAS PARTES<\/h2>\n\n\n\n<p>A empresa de assist\u00eancia t\u00e9cnica de resfriadores deve conhecer bem os componentes do maquin\u00e1rio, assim como manter registro sobre as principais queixas acerca da performance do produto. Por meio do cuidado em ouvir o cliente e execu\u00e7\u00e3o de&nbsp;manuten\u00e7\u00e3o corretiva de torres de resfriamento&nbsp;com precis\u00e3o, a corpora\u00e7\u00e3o do segmento consegue desenvolver sua imagem ante o restante do mercado.<\/p>\n\n\n\n<p>Alguns dos componentes que precisam ser constantemente verificados s\u00e3o as h\u00e9lices axiais e outros meios de ventila\u00e7\u00e3o, que podem atuar, inclusive, em prol do silenciamento do produto durante desempenho das atividades. Uma vez em bom funcionamento, o desempenho dessas partes pode ser garantido por meio de vistoria peri\u00f3dica, que se realizada da maneira correta, pode evitar a necessidade de acionamento de&nbsp;manuten\u00e7\u00e3o corretiva de torres de resfriamento.<\/p>\n\n\n\n<h2 class=\"wp-block-heading\">RECOMENDA\u00c7\u00d5ES SOBRE CONTRATA\u00c7\u00c3O DE MANUTEN\u00c7\u00c3O CORRETIVA DE TORRES DE RESFRIAMENTO<\/h2>\n\n\n\n<p>Al\u00e9m da&nbsp;manuten\u00e7\u00e3o corretiva de torres de resfriamento, existem outros modos de preservar a integridade e o funcionamento dos resfriadores. O mais proeminente deles \u00e9 a manuten\u00e7\u00e3o preventiva das referidas torres.<\/p>\n\n\n\n<p>Essa modalidade atua de maneira a evitar a necessidade de parada do equipamento por um longo per\u00edodo a fim de substituir pe\u00e7as ou estabelecer diagn\u00f3stico sobre um problema mais s\u00e9rio. Ao contr\u00e1rio, a an\u00e1lise preventiva dever ser feita de tempos em tempos, e com isso pode identificar poss\u00edveis problemas antes que de fato eles se instaurem sobre a estrutura. Assim, evita-se transtornos com consertos, perda de produtividade e desperd\u00edcio de material.<\/p>\n\n\n\n<p>Na hora de contratar&nbsp;manuten\u00e7\u00e3o corretiva de torres de resfriamento, \u00e9 preciso primar pela escolha correta. Por isso, a maior recomenda\u00e7\u00e3o para atingir qualidade \u00e9 eleger uma empresa com experi\u00eancia, que cumpra normativas OHSAS e ISO, que detenha carteira de clientes s\u00f3lida e em amplo espectro territorial e ainda oferece os melhores servi\u00e7os em fabrica\u00e7\u00e3o, venda e assist\u00eancia t\u00e9cnica de resfriadores em geral. Ap\u00f3s intenso estudo, o cliente certamente perceber\u00e1 que a melhor op\u00e7\u00e3o do segmento \u00e9 a ALFATERM Ind\u00fastria e Com\u00e9rcio Ltda.<\/p>\n\n\n\n<p>Atuante na Am\u00e9rica Latina e na Centro-Am\u00e9rica, a ALFATERM Ind\u00fastria e Com\u00e9rcio Ltda. \u00e9 a fornecedora preferida de engenheiros, grandes empresas petrol\u00edferas, usinas, setor sucroalcooleiro e at\u00e9 mesmo o consumidor final. A empresa desenvolve as atividades de manuten\u00e7\u00e3o e instala\u00e7\u00e3o de torres de resfriamento de \u00e1gua por meio do vapor. Ela tamb\u00e9m det\u00e9m amplo conhecimento em constru\u00e7\u00e3o de projetos de grande magnitude e versa sobre a fun\u00e7\u00e3o de cada pe\u00e7a empregada na estrutura.<\/p>\n\n\n\n<h2 class=\"wp-block-heading\">Para saber mais sobre Assist\u00eancia t\u00e9cnica em torres de resfriar<\/h2>\n\n\n\n<p>Ligue para&nbsp;<strong>11 4156-8930<\/strong>&nbsp;ou&nbsp;<a href=\"https:\/\/www.alfaterm.com.br\/en\/contact\/\">clique aqui<\/a>&nbsp;e entre em contato por email.<\/p>","protected":false},"excerpt":{"rendered":"<p>A&nbsp;manuten\u00e7\u00e3o corretiva de torres de resfriamento&nbsp;\u00e9 necess\u00e1ria quando o equipamento apresenta algum defeito ou falha irrevers\u00edvel, e h\u00e1 que se direcionar as m\u00e1quinas para o conserto. Nesse processo, os maquin\u00e1rios s\u00e3o avaliados, diagnosticados e, caso necess\u00e1rio, a empresa respons\u00e1vel pela&nbsp;manuten\u00e7\u00e3o corretiva de torres de resfriamento&nbsp;efetua a troca das pe\u00e7as pertinentes. MANUTEN\u00c7\u00c3O CORRETIVA DE TORRES DE [&hellip;]<\/p>","protected":false},"author":1,"featured_media":2181,"parent":2144,"menu_order":0,"comment_status":"closed","ping_status":"closed","template":"","meta":{"_acf_changed":false,"_joinchat":[],"footnotes":""},"class_list":["post-2241","page","type-page","status-publish","has-post-thumbnail","hentry"],"acf":[],"yoast_head":"<!-- This site is optimized with the Yoast SEO Premium plugin v23.4 (Yoast SEO v27.1.1) - https:\/\/yoast.com\/product\/yoast-seo-premium-wordpress\/ -->\n<title>Manuten\u00e7\u00e3o corretiva de torres de resfriamento - Bem-vindo \u00e0 ALFATERM<\/title>\n<meta name=\"robots\" content=\"index, follow, max-snippet:-1, max-image-preview:large, max-video-preview:-1\" \/>\n<link rel=\"canonical\" href=\"https:\/\/www.alfaterm.com.br\/en\/informacoes\/manutencao-corretiva-torres-resfriamento\/\" \/>\n<meta property=\"og:locale\" content=\"en_US\" \/>\n<meta property=\"og:type\" content=\"article\" \/>\n<meta property=\"og:title\" content=\"Manuten\u00e7\u00e3o corretiva de torres de resfriamento\" \/>\n<meta property=\"og:description\" content=\"A&nbsp;manuten\u00e7\u00e3o corretiva de torres de resfriamento&nbsp;\u00e9 necess\u00e1ria quando o equipamento apresenta algum defeito ou falha irrevers\u00edvel, e h\u00e1 que se direcionar as m\u00e1quinas para o conserto. Nesse processo, os maquin\u00e1rios s\u00e3o avaliados, diagnosticados e, caso necess\u00e1rio, a empresa respons\u00e1vel pela&nbsp;manuten\u00e7\u00e3o corretiva de torres de resfriamento&nbsp;efetua a troca das pe\u00e7as pertinentes. MANUTEN\u00c7\u00c3O CORRETIVA DE TORRES DE [&hellip;]\" \/>\n<meta property=\"og:url\" content=\"https:\/\/www.alfaterm.com.br\/en\/informacoes\/manutencao-corretiva-torres-resfriamento\/\" \/>\n<meta property=\"og:site_name\" content=\"Bem-vindo \u00e0 ALFATERM\" \/>\n<meta property=\"article:modified_time\" content=\"2024-09-09T08:05:46+00:00\" \/>\n<meta property=\"og:image\" content=\"https:\/\/www.alfaterm.com.br\/wp-content\/uploads\/2024\/09\/assistencia-tecnica-torres-resfriar.webp\" \/>\n\t<meta property=\"og:image:width\" content=\"1500\" \/>\n\t<meta property=\"og:image:height\" content=\"1294\" \/>\n\t<meta property=\"og:image:type\" content=\"image\/webp\" \/>\n<meta name=\"twitter:card\" content=\"summary_large_image\" \/>\n<meta name=\"twitter:label1\" content=\"Est. reading time\" \/>\n\t<meta name=\"twitter:data1\" content=\"3 minutes\" \/>\n<script type=\"application\/ld+json\" class=\"yoast-schema-graph\">{\"@context\":\"https:\/\/schema.org\",\"@graph\":[{\"@type\":\"WebPage\",\"@id\":\"https:\/\/www.alfaterm.com.br\/informacoes\/manutencao-corretiva-torres-resfriamento\/\",\"url\":\"https:\/\/www.alfaterm.com.br\/informacoes\/manutencao-corretiva-torres-resfriamento\/\",\"name\":\"Manuten\u00e7\u00e3o corretiva de torres de resfriamento - Bem-vindo \u00e0 ALFATERM\",\"isPartOf\":{\"@id\":\"https:\/\/www.alfaterm.com.br\/#website\"},\"primaryImageOfPage\":{\"@id\":\"https:\/\/www.alfaterm.com.br\/informacoes\/manutencao-corretiva-torres-resfriamento\/#primaryimage\"},\"image\":{\"@id\":\"https:\/\/www.alfaterm.com.br\/informacoes\/manutencao-corretiva-torres-resfriamento\/#primaryimage\"},\"thumbnailUrl\":\"https:\/\/www.alfaterm.com.br\/wp-content\/uploads\/2024\/09\/assistencia-tecnica-torres-resfriar.webp\",\"datePublished\":\"2024-09-02T11:10:10+00:00\",\"dateModified\":\"2024-09-09T08:05:46+00:00\",\"breadcrumb\":{\"@id\":\"https:\/\/www.alfaterm.com.br\/informacoes\/manutencao-corretiva-torres-resfriamento\/#breadcrumb\"},\"inLanguage\":\"en-US\",\"potentialAction\":[{\"@type\":\"ReadAction\",\"target\":[\"https:\/\/www.alfaterm.com.br\/informacoes\/manutencao-corretiva-torres-resfriamento\/\"]}]},{\"@type\":\"ImageObject\",\"inLanguage\":\"en-US\",\"@id\":\"https:\/\/www.alfaterm.com.br\/informacoes\/manutencao-corretiva-torres-resfriamento\/#primaryimage\",\"url\":\"https:\/\/www.alfaterm.com.br\/wp-content\/uploads\/2024\/09\/assistencia-tecnica-torres-resfriar.webp\",\"contentUrl\":\"https:\/\/www.alfaterm.com.br\/wp-content\/uploads\/2024\/09\/assistencia-tecnica-torres-resfriar.webp\",\"width\":1500,\"height\":1294},{\"@type\":\"BreadcrumbList\",\"@id\":\"https:\/\/www.alfaterm.com.br\/informacoes\/manutencao-corretiva-torres-resfriamento\/#breadcrumb\",\"itemListElement\":[{\"@type\":\"ListItem\",\"position\":1,\"name\":\"Home\",\"item\":\"https:\/\/www.alfaterm.com.br\/\"},{\"@type\":\"ListItem\",\"position\":2,\"name\":\"Informa\u00e7\u00f5es\",\"item\":\"https:\/\/www.alfaterm.com.br\/informacoes\/\"},{\"@type\":\"ListItem\",\"position\":3,\"name\":\"Manuten\u00e7\u00e3o corretiva de torres de resfriamento\"}]},{\"@type\":\"WebSite\",\"@id\":\"https:\/\/www.alfaterm.com.br\/#website\",\"url\":\"https:\/\/www.alfaterm.com.br\/\",\"name\":\"Bem-vindo \u00e0 ALFATERM\",\"description\":\"\",\"publisher\":{\"@id\":\"https:\/\/www.alfaterm.com.br\/#organization\"},\"potentialAction\":[{\"@type\":\"SearchAction\",\"target\":{\"@type\":\"EntryPoint\",\"urlTemplate\":\"https:\/\/www.alfaterm.com.br\/?s={search_term_string}\"},\"query-input\":{\"@type\":\"PropertyValueSpecification\",\"valueRequired\":true,\"valueName\":\"search_term_string\"}}],\"inLanguage\":\"en-US\"},{\"@type\":\"Organization\",\"@id\":\"https:\/\/www.alfaterm.com.br\/#organization\",\"name\":\"Bem-vindo \u00e0 ALFATERM\",\"url\":\"https:\/\/www.alfaterm.com.br\/\",\"logo\":{\"@type\":\"ImageObject\",\"inLanguage\":\"en-US\",\"@id\":\"https:\/\/www.alfaterm.com.br\/#\/schema\/logo\/image\/\",\"url\":\"https:\/\/www.alfaterm.com.br\/wp-content\/uploads\/2024\/07\/logo-alfaterm.png\",\"contentUrl\":\"https:\/\/www.alfaterm.com.br\/wp-content\/uploads\/2024\/07\/logo-alfaterm.png\",\"width\":393,\"height\":45,\"caption\":\"Bem-vindo \u00e0 ALFATERM\"},\"image\":{\"@id\":\"https:\/\/www.alfaterm.com.br\/#\/schema\/logo\/image\/\"}}]}<\/script>\n<!-- \/ Yoast SEO Premium plugin. -->","yoast_head_json":{"title":"Manuten\u00e7\u00e3o corretiva de torres de resfriamento - Bem-vindo \u00e0 ALFATERM","robots":{"index":"index","follow":"follow","max-snippet":"max-snippet:-1","max-image-preview":"max-image-preview:large","max-video-preview":"max-video-preview:-1"},"canonical":"https:\/\/www.alfaterm.com.br\/en\/informacoes\/manutencao-corretiva-torres-resfriamento\/","og_locale":"en_US","og_type":"article","og_title":"Manuten\u00e7\u00e3o corretiva de torres de resfriamento","og_description":"A&nbsp;manuten\u00e7\u00e3o corretiva de torres de resfriamento&nbsp;\u00e9 necess\u00e1ria quando o equipamento apresenta algum defeito ou falha irrevers\u00edvel, e h\u00e1 que se direcionar as m\u00e1quinas para o conserto. Nesse processo, os maquin\u00e1rios s\u00e3o avaliados, diagnosticados e, caso necess\u00e1rio, a empresa respons\u00e1vel pela&nbsp;manuten\u00e7\u00e3o corretiva de torres de resfriamento&nbsp;efetua a troca das pe\u00e7as pertinentes. MANUTEN\u00c7\u00c3O CORRETIVA DE TORRES DE [&hellip;]","og_url":"https:\/\/www.alfaterm.com.br\/en\/informacoes\/manutencao-corretiva-torres-resfriamento\/","og_site_name":"Bem-vindo \u00e0 ALFATERM","article_modified_time":"2024-09-09T08:05:46+00:00","og_image":[{"width":1500,"height":1294,"url":"https:\/\/www.alfaterm.com.br\/wp-content\/uploads\/2024\/09\/assistencia-tecnica-torres-resfriar.webp","type":"image\/webp"}],"twitter_card":"summary_large_image","twitter_misc":{"Est. reading time":"3 minutes"},"schema":{"@context":"https:\/\/schema.org","@graph":[{"@type":"WebPage","@id":"https:\/\/www.alfaterm.com.br\/informacoes\/manutencao-corretiva-torres-resfriamento\/","url":"https:\/\/www.alfaterm.com.br\/informacoes\/manutencao-corretiva-torres-resfriamento\/","name":"Manuten\u00e7\u00e3o corretiva de torres de resfriamento - Bem-vindo \u00e0 ALFATERM","isPartOf":{"@id":"https:\/\/www.alfaterm.com.br\/#website"},"primaryImageOfPage":{"@id":"https:\/\/www.alfaterm.com.br\/informacoes\/manutencao-corretiva-torres-resfriamento\/#primaryimage"},"image":{"@id":"https:\/\/www.alfaterm.com.br\/informacoes\/manutencao-corretiva-torres-resfriamento\/#primaryimage"},"thumbnailUrl":"https:\/\/www.alfaterm.com.br\/wp-content\/uploads\/2024\/09\/assistencia-tecnica-torres-resfriar.webp","datePublished":"2024-09-02T11:10:10+00:00","dateModified":"2024-09-09T08:05:46+00:00","breadcrumb":{"@id":"https:\/\/www.alfaterm.com.br\/informacoes\/manutencao-corretiva-torres-resfriamento\/#breadcrumb"},"inLanguage":"en-US","potentialAction":[{"@type":"ReadAction","target":["https:\/\/www.alfaterm.com.br\/informacoes\/manutencao-corretiva-torres-resfriamento\/"]}]},{"@type":"ImageObject","inLanguage":"en-US","@id":"https:\/\/www.alfaterm.com.br\/informacoes\/manutencao-corretiva-torres-resfriamento\/#primaryimage","url":"https:\/\/www.alfaterm.com.br\/wp-content\/uploads\/2024\/09\/assistencia-tecnica-torres-resfriar.webp","contentUrl":"https:\/\/www.alfaterm.com.br\/wp-content\/uploads\/2024\/09\/assistencia-tecnica-torres-resfriar.webp","width":1500,"height":1294},{"@type":"BreadcrumbList","@id":"https:\/\/www.alfaterm.com.br\/informacoes\/manutencao-corretiva-torres-resfriamento\/#breadcrumb","itemListElement":[{"@type":"ListItem","position":1,"name":"Home","item":"https:\/\/www.alfaterm.com.br\/"},{"@type":"ListItem","position":2,"name":"Informa\u00e7\u00f5es","item":"https:\/\/www.alfaterm.com.br\/informacoes\/"},{"@type":"ListItem","position":3,"name":"Manuten\u00e7\u00e3o corretiva de torres de resfriamento"}]},{"@type":"WebSite","@id":"https:\/\/www.alfaterm.com.br\/#website","url":"https:\/\/www.alfaterm.com.br\/","name":"Bem-vindo \u00e0 ALFATERM","description":"","publisher":{"@id":"https:\/\/www.alfaterm.com.br\/#organization"},"potentialAction":[{"@type":"SearchAction","target":{"@type":"EntryPoint","urlTemplate":"https:\/\/www.alfaterm.com.br\/?s={search_term_string}"},"query-input":{"@type":"PropertyValueSpecification","valueRequired":true,"valueName":"search_term_string"}}],"inLanguage":"en-US"},{"@type":"Organization","@id":"https:\/\/www.alfaterm.com.br\/#organization","name":"Bem-vindo \u00e0 ALFATERM","url":"https:\/\/www.alfaterm.com.br\/","logo":{"@type":"ImageObject","inLanguage":"en-US","@id":"https:\/\/www.alfaterm.com.br\/#\/schema\/logo\/image\/","url":"https:\/\/www.alfaterm.com.br\/wp-content\/uploads\/2024\/07\/logo-alfaterm.png","contentUrl":"https:\/\/www.alfaterm.com.br\/wp-content\/uploads\/2024\/07\/logo-alfaterm.png","width":393,"height":45,"caption":"Bem-vindo \u00e0 ALFATERM"},"image":{"@id":"https:\/\/www.alfaterm.com.br\/#\/schema\/logo\/image\/"}}]}},"_links":{"self":[{"href":"https:\/\/www.alfaterm.com.br\/en\/wp-json\/wp\/v2\/pages\/2241","targetHints":{"allow":["GET"]}}],"collection":[{"href":"https:\/\/www.alfaterm.com.br\/en\/wp-json\/wp\/v2\/pages"}],"about":[{"href":"https:\/\/www.alfaterm.com.br\/en\/wp-json\/wp\/v2\/types\/page"}],"author":[{"embeddable":true,"href":"https:\/\/www.alfaterm.com.br\/en\/wp-json\/wp\/v2\/users\/1"}],"replies":[{"embeddable":true,"href":"https:\/\/www.alfaterm.com.br\/en\/wp-json\/wp\/v2\/comments?post=2241"}],"version-history":[{"count":0,"href":"https:\/\/www.alfaterm.com.br\/en\/wp-json\/wp\/v2\/pages\/2241\/revisions"}],"up":[{"embeddable":true,"href":"https:\/\/www.alfaterm.com.br\/en\/wp-json\/wp\/v2\/pages\/2144"}],"wp:featuredmedia":[{"embeddable":true,"href":"https:\/\/www.alfaterm.com.br\/en\/wp-json\/wp\/v2\/media\/2181"}],"wp:attachment":[{"href":"https:\/\/www.alfaterm.com.br\/en\/wp-json\/wp\/v2\/media?parent=2241"}],"curies":[{"name":"wp","href":"https:\/\/api.w.org\/{rel}","templated":true}]}}