{"id":2239,"date":"2024-09-02T08:08:48","date_gmt":"2024-09-02T11:08:48","guid":{"rendered":"https:\/\/www.alfaterm.com.br\/?page_id=2239"},"modified":"2024-09-09T05:05:13","modified_gmt":"2024-09-09T08:05:13","slug":"instalacao-torres-resfriamento","status":"publish","type":"page","link":"https:\/\/www.alfaterm.com.br\/en\/informacoes\/instalacao-torres-resfriamento\/","title":{"rendered":"Instala\u00e7\u00e3o de torres de resfriamento"},"content":{"rendered":"<p>A&nbsp;instala\u00e7\u00e3o de torres de resfriamento&nbsp;\u00e9 realizada em ind\u00fastrias para resfriar o calor gerado por todo o sistema de refrigera\u00e7\u00e3o, ar condicionado e demais sistemas. O calor gerado por estes equipamentos deve ser extra\u00eddo e dissipado para que n\u00e3o haja nenhum tipo de dano. O elemento geralmente utilizado para resfriamento \u00e9 a \u00e1gua. A&nbsp;instala\u00e7\u00e3o de torres de resfriamento&nbsp;deve ser feita por empresa especializada e com equipamentos de alta qualidade, para que as fun\u00e7\u00f5es das torres sejam plenas e eficazes.<\/p>\n\n\n\n<h2 class=\"wp-block-heading\">COMO FAZER A INSTALA\u00c7\u00c3O DE TORRES DE RESFRIAMENTO E CUIDADOS A SEREM TOMADOS<\/h2>\n\n\n\n<p>A&nbsp;instala\u00e7\u00e3o de torres de resfriamento&nbsp;deve ser realizada em ambiente arejado de modo que o ar entre pelas venezianas inferiores do equipamento e tenha livre sa\u00edda pelos ventiladores. Deve-se escolher uma superf\u00edcie plana e nivelada, para que toda a extens\u00e3o da bacia das torres fique apoiada.<\/p>\n\n\n\n<p>\u00c9 muito importante n\u00e3o executar a&nbsp;instala\u00e7\u00e3o de torres de resfriamento&nbsp;em ambientes onde haja gera\u00e7\u00e3o de calor ou ainda utilizar equipamentos que produzam centelhas por combust\u00e3o, como por exemplo: ma\u00e7arico para solda, solda el\u00e9trica, lixadeira, entre outros poss\u00edveis.<\/p>\n\n\n\n<p>A instala\u00e7\u00e3o dos ventiladores das torres de resfriamento tamb\u00e9m \u00e9 importante que seja firmemente realizada, girando-os manualmente em cada torre, at\u00e9 dar a volta completa. Nesta instala\u00e7\u00e3o \u00e9 importante certificar de que todos os seus controles est\u00e3o posicionados como desligados. Do contr\u00e1rio, danos pessoais ou materiais podem ser causados.<\/p>\n\n\n\n<p>Outra etapa na&nbsp;instala\u00e7\u00e3o de torres de resfriamento, \u00e9 a montagem desses equipamentos. Algumas empresas fornecem as torres j\u00e1 prontas e sem a necessidade de montagens complexas. A caixa do ventilador disp\u00f5e dos seguintes elementos: \u00e1rvore de distribui\u00e7\u00e3o de \u00e1gua com bico de pulveriza\u00e7\u00e3o, eliminador de gotas, motoventilador e tampa de inspe\u00e7\u00e3o. Possui enchimento montado no interior do corpo sustentado com grade desenvolvida em fibra de vidro.<\/p>\n\n\n\n<p>A bacia das torres de resfriamento s\u00e3o compostas por venezianas com um dos lados remov\u00edvel pararegulagem de b\u00f3ia e ladr\u00e3o. Entrada de \u00e1gua com b\u00f3ia, tubo para dreno e tubo para ladr\u00e3o em material PVC e sa\u00edda de \u00e1gua em PVC, com revestimento externo em fibra de vidro.<\/p>\n\n\n\n<p>Durante a&nbsp;instala\u00e7\u00e3o de torres de resfriamento, devem ser executadas as liga\u00e7\u00f5es hidr\u00e1ulicas e el\u00e9tricas do equipamento. As tubula\u00e7\u00f5es e conex\u00f5es das torres devem ser alinhadas, bem como a presen\u00e7a de suportes pr\u00f3prios para que n\u00e3o haja tens\u00f5es em sua estrutura. Se a conex\u00e3o el\u00e9trica das torres for executada erroneamente, poder\u00e1 queimar o motor e acarretar perda de garantia. A varia\u00e7\u00e3o aceit\u00e1vel de tens\u00e3o e frequ\u00eancia devem ser observadas de acordo com a norma NBR 7094.&nbsp;<\/p>\n\n\n\n<h2 class=\"wp-block-heading\">ALFATERM \u2013 EMPRESA EFICIENTE E RECONHECIDA<\/h2>\n\n\n\n<p>Com vasta experi\u00eancia no mercado, a empresa ALFATERM Ind\u00fastria e Com\u00e9rcio Ltda., atua com servi\u00e7os de proje\u00e7\u00e3o, fabrica\u00e7\u00e3o, instala\u00e7\u00e3o e manuten\u00e7\u00e3o preventiva e corretiva em torres de resfriamento de \u00e1gua.<\/p>\n\n\n\n<p>Conceituada e bem-sucedida, a empresa ALFATERM Ind\u00fastria e Com\u00e9rcio Ltda. sempre apresentou crescimento real e caracterizou-se como uma empresa eficiente e reconhecida.&nbsp; Como consequ\u00eancia de constantes investimentos, a ALFATERM Ind\u00fastria e Com\u00e9rcio Ltda. obteve uma estrutura s\u00f3lida e habilitada a responder, sem dificuldades, todas as demandas de seus clientes, como tamb\u00e9m obriga\u00e7\u00f5es com seus colaboradores, fornecedores, meio ambiente e sociedade.<\/p>\n\n\n\n<h2 class=\"wp-block-heading\">Para saber mais sobre Assist\u00eancia t\u00e9cnica em torres de resfriar<\/h2>\n\n\n\n<p>Ligue para&nbsp;<strong>11 4156-8930<\/strong>&nbsp;ou&nbsp;<a href=\"https:\/\/www.alfaterm.com.br\/en\/contact\/\">clique aqui<\/a>&nbsp;e entre em contato por email.<\/p>","protected":false},"excerpt":{"rendered":"<p>A&nbsp;instala\u00e7\u00e3o de torres de resfriamento&nbsp;\u00e9 realizada em ind\u00fastrias para resfriar o calor gerado por todo o sistema de refrigera\u00e7\u00e3o, ar condicionado e demais sistemas. O calor gerado por estes equipamentos deve ser extra\u00eddo e dissipado para que n\u00e3o haja nenhum tipo de dano. O elemento geralmente utilizado para resfriamento \u00e9 a \u00e1gua. A&nbsp;instala\u00e7\u00e3o de torres [&hellip;]<\/p>","protected":false},"author":1,"featured_media":2256,"parent":2144,"menu_order":0,"comment_status":"closed","ping_status":"closed","template":"","meta":{"_acf_changed":false,"_joinchat":[],"footnotes":""},"class_list":["post-2239","page","type-page","status-publish","has-post-thumbnail","hentry"],"acf":[],"yoast_head":"<!-- This site is optimized with the Yoast SEO Premium plugin v23.4 (Yoast SEO v27.1.1) - https:\/\/yoast.com\/product\/yoast-seo-premium-wordpress\/ -->\n<title>Instala\u00e7\u00e3o de torres de resfriamento - Bem-vindo \u00e0 ALFATERM<\/title>\n<meta name=\"robots\" content=\"index, follow, max-snippet:-1, max-image-preview:large, max-video-preview:-1\" \/>\n<link rel=\"canonical\" href=\"https:\/\/www.alfaterm.com.br\/en\/informacoes\/instalacao-torres-resfriamento\/\" \/>\n<meta property=\"og:locale\" content=\"en_US\" \/>\n<meta property=\"og:type\" content=\"article\" \/>\n<meta property=\"og:title\" content=\"Instala\u00e7\u00e3o de torres de resfriamento\" \/>\n<meta property=\"og:description\" content=\"A&nbsp;instala\u00e7\u00e3o de torres de resfriamento&nbsp;\u00e9 realizada em ind\u00fastrias para resfriar o calor gerado por todo o sistema de refrigera\u00e7\u00e3o, ar condicionado e demais sistemas. O calor gerado por estes equipamentos deve ser extra\u00eddo e dissipado para que n\u00e3o haja nenhum tipo de dano. O elemento geralmente utilizado para resfriamento \u00e9 a \u00e1gua. A&nbsp;instala\u00e7\u00e3o de torres [&hellip;]\" \/>\n<meta property=\"og:url\" content=\"https:\/\/www.alfaterm.com.br\/en\/informacoes\/instalacao-torres-resfriamento\/\" \/>\n<meta property=\"og:site_name\" content=\"Bem-vindo \u00e0 ALFATERM\" \/>\n<meta property=\"article:modified_time\" content=\"2024-09-09T08:05:13+00:00\" \/>\n<meta property=\"og:image\" content=\"https:\/\/www.alfaterm.com.br\/wp-content\/uploads\/2024\/09\/instalacao-torres-resfriamento.webp\" \/>\n\t<meta property=\"og:image:width\" content=\"800\" \/>\n\t<meta property=\"og:image:height\" content=\"524\" \/>\n\t<meta property=\"og:image:type\" content=\"image\/webp\" \/>\n<meta name=\"twitter:card\" content=\"summary_large_image\" \/>\n<meta name=\"twitter:label1\" content=\"Est. reading time\" \/>\n\t<meta name=\"twitter:data1\" content=\"3 minutes\" \/>\n<script type=\"application\/ld+json\" class=\"yoast-schema-graph\">{\"@context\":\"https:\/\/schema.org\",\"@graph\":[{\"@type\":\"WebPage\",\"@id\":\"https:\/\/www.alfaterm.com.br\/informacoes\/instalacao-torres-resfriamento\/\",\"url\":\"https:\/\/www.alfaterm.com.br\/informacoes\/instalacao-torres-resfriamento\/\",\"name\":\"Instala\u00e7\u00e3o de torres de resfriamento - Bem-vindo \u00e0 ALFATERM\",\"isPartOf\":{\"@id\":\"https:\/\/www.alfaterm.com.br\/#website\"},\"primaryImageOfPage\":{\"@id\":\"https:\/\/www.alfaterm.com.br\/informacoes\/instalacao-torres-resfriamento\/#primaryimage\"},\"image\":{\"@id\":\"https:\/\/www.alfaterm.com.br\/informacoes\/instalacao-torres-resfriamento\/#primaryimage\"},\"thumbnailUrl\":\"https:\/\/www.alfaterm.com.br\/wp-content\/uploads\/2024\/09\/instalacao-torres-resfriamento.webp\",\"datePublished\":\"2024-09-02T11:08:48+00:00\",\"dateModified\":\"2024-09-09T08:05:13+00:00\",\"breadcrumb\":{\"@id\":\"https:\/\/www.alfaterm.com.br\/informacoes\/instalacao-torres-resfriamento\/#breadcrumb\"},\"inLanguage\":\"en-US\",\"potentialAction\":[{\"@type\":\"ReadAction\",\"target\":[\"https:\/\/www.alfaterm.com.br\/informacoes\/instalacao-torres-resfriamento\/\"]}]},{\"@type\":\"ImageObject\",\"inLanguage\":\"en-US\",\"@id\":\"https:\/\/www.alfaterm.com.br\/informacoes\/instalacao-torres-resfriamento\/#primaryimage\",\"url\":\"https:\/\/www.alfaterm.com.br\/wp-content\/uploads\/2024\/09\/instalacao-torres-resfriamento.webp\",\"contentUrl\":\"https:\/\/www.alfaterm.com.br\/wp-content\/uploads\/2024\/09\/instalacao-torres-resfriamento.webp\",\"width\":800,\"height\":524},{\"@type\":\"BreadcrumbList\",\"@id\":\"https:\/\/www.alfaterm.com.br\/informacoes\/instalacao-torres-resfriamento\/#breadcrumb\",\"itemListElement\":[{\"@type\":\"ListItem\",\"position\":1,\"name\":\"Home\",\"item\":\"https:\/\/www.alfaterm.com.br\/\"},{\"@type\":\"ListItem\",\"position\":2,\"name\":\"Informa\u00e7\u00f5es\",\"item\":\"https:\/\/www.alfaterm.com.br\/informacoes\/\"},{\"@type\":\"ListItem\",\"position\":3,\"name\":\"Instala\u00e7\u00e3o de torres de resfriamento\"}]},{\"@type\":\"WebSite\",\"@id\":\"https:\/\/www.alfaterm.com.br\/#website\",\"url\":\"https:\/\/www.alfaterm.com.br\/\",\"name\":\"Bem-vindo \u00e0 ALFATERM\",\"description\":\"\",\"publisher\":{\"@id\":\"https:\/\/www.alfaterm.com.br\/#organization\"},\"potentialAction\":[{\"@type\":\"SearchAction\",\"target\":{\"@type\":\"EntryPoint\",\"urlTemplate\":\"https:\/\/www.alfaterm.com.br\/?s={search_term_string}\"},\"query-input\":{\"@type\":\"PropertyValueSpecification\",\"valueRequired\":true,\"valueName\":\"search_term_string\"}}],\"inLanguage\":\"en-US\"},{\"@type\":\"Organization\",\"@id\":\"https:\/\/www.alfaterm.com.br\/#organization\",\"name\":\"Bem-vindo \u00e0 ALFATERM\",\"url\":\"https:\/\/www.alfaterm.com.br\/\",\"logo\":{\"@type\":\"ImageObject\",\"inLanguage\":\"en-US\",\"@id\":\"https:\/\/www.alfaterm.com.br\/#\/schema\/logo\/image\/\",\"url\":\"https:\/\/www.alfaterm.com.br\/wp-content\/uploads\/2024\/07\/logo-alfaterm.png\",\"contentUrl\":\"https:\/\/www.alfaterm.com.br\/wp-content\/uploads\/2024\/07\/logo-alfaterm.png\",\"width\":393,\"height\":45,\"caption\":\"Bem-vindo \u00e0 ALFATERM\"},\"image\":{\"@id\":\"https:\/\/www.alfaterm.com.br\/#\/schema\/logo\/image\/\"}}]}<\/script>\n<!-- \/ Yoast SEO Premium plugin. -->","yoast_head_json":{"title":"Instala\u00e7\u00e3o de torres de resfriamento - Bem-vindo \u00e0 ALFATERM","robots":{"index":"index","follow":"follow","max-snippet":"max-snippet:-1","max-image-preview":"max-image-preview:large","max-video-preview":"max-video-preview:-1"},"canonical":"https:\/\/www.alfaterm.com.br\/en\/informacoes\/instalacao-torres-resfriamento\/","og_locale":"en_US","og_type":"article","og_title":"Instala\u00e7\u00e3o de torres de resfriamento","og_description":"A&nbsp;instala\u00e7\u00e3o de torres de resfriamento&nbsp;\u00e9 realizada em ind\u00fastrias para resfriar o calor gerado por todo o sistema de refrigera\u00e7\u00e3o, ar condicionado e demais sistemas. O calor gerado por estes equipamentos deve ser extra\u00eddo e dissipado para que n\u00e3o haja nenhum tipo de dano. O elemento geralmente utilizado para resfriamento \u00e9 a \u00e1gua. A&nbsp;instala\u00e7\u00e3o de torres [&hellip;]","og_url":"https:\/\/www.alfaterm.com.br\/en\/informacoes\/instalacao-torres-resfriamento\/","og_site_name":"Bem-vindo \u00e0 ALFATERM","article_modified_time":"2024-09-09T08:05:13+00:00","og_image":[{"width":800,"height":524,"url":"https:\/\/www.alfaterm.com.br\/wp-content\/uploads\/2024\/09\/instalacao-torres-resfriamento.webp","type":"image\/webp"}],"twitter_card":"summary_large_image","twitter_misc":{"Est. reading time":"3 minutes"},"schema":{"@context":"https:\/\/schema.org","@graph":[{"@type":"WebPage","@id":"https:\/\/www.alfaterm.com.br\/informacoes\/instalacao-torres-resfriamento\/","url":"https:\/\/www.alfaterm.com.br\/informacoes\/instalacao-torres-resfriamento\/","name":"Instala\u00e7\u00e3o de torres de resfriamento - Bem-vindo \u00e0 ALFATERM","isPartOf":{"@id":"https:\/\/www.alfaterm.com.br\/#website"},"primaryImageOfPage":{"@id":"https:\/\/www.alfaterm.com.br\/informacoes\/instalacao-torres-resfriamento\/#primaryimage"},"image":{"@id":"https:\/\/www.alfaterm.com.br\/informacoes\/instalacao-torres-resfriamento\/#primaryimage"},"thumbnailUrl":"https:\/\/www.alfaterm.com.br\/wp-content\/uploads\/2024\/09\/instalacao-torres-resfriamento.webp","datePublished":"2024-09-02T11:08:48+00:00","dateModified":"2024-09-09T08:05:13+00:00","breadcrumb":{"@id":"https:\/\/www.alfaterm.com.br\/informacoes\/instalacao-torres-resfriamento\/#breadcrumb"},"inLanguage":"en-US","potentialAction":[{"@type":"ReadAction","target":["https:\/\/www.alfaterm.com.br\/informacoes\/instalacao-torres-resfriamento\/"]}]},{"@type":"ImageObject","inLanguage":"en-US","@id":"https:\/\/www.alfaterm.com.br\/informacoes\/instalacao-torres-resfriamento\/#primaryimage","url":"https:\/\/www.alfaterm.com.br\/wp-content\/uploads\/2024\/09\/instalacao-torres-resfriamento.webp","contentUrl":"https:\/\/www.alfaterm.com.br\/wp-content\/uploads\/2024\/09\/instalacao-torres-resfriamento.webp","width":800,"height":524},{"@type":"BreadcrumbList","@id":"https:\/\/www.alfaterm.com.br\/informacoes\/instalacao-torres-resfriamento\/#breadcrumb","itemListElement":[{"@type":"ListItem","position":1,"name":"Home","item":"https:\/\/www.alfaterm.com.br\/"},{"@type":"ListItem","position":2,"name":"Informa\u00e7\u00f5es","item":"https:\/\/www.alfaterm.com.br\/informacoes\/"},{"@type":"ListItem","position":3,"name":"Instala\u00e7\u00e3o de torres de resfriamento"}]},{"@type":"WebSite","@id":"https:\/\/www.alfaterm.com.br\/#website","url":"https:\/\/www.alfaterm.com.br\/","name":"Bem-vindo \u00e0 ALFATERM","description":"","publisher":{"@id":"https:\/\/www.alfaterm.com.br\/#organization"},"potentialAction":[{"@type":"SearchAction","target":{"@type":"EntryPoint","urlTemplate":"https:\/\/www.alfaterm.com.br\/?s={search_term_string}"},"query-input":{"@type":"PropertyValueSpecification","valueRequired":true,"valueName":"search_term_string"}}],"inLanguage":"en-US"},{"@type":"Organization","@id":"https:\/\/www.alfaterm.com.br\/#organization","name":"Bem-vindo \u00e0 ALFATERM","url":"https:\/\/www.alfaterm.com.br\/","logo":{"@type":"ImageObject","inLanguage":"en-US","@id":"https:\/\/www.alfaterm.com.br\/#\/schema\/logo\/image\/","url":"https:\/\/www.alfaterm.com.br\/wp-content\/uploads\/2024\/07\/logo-alfaterm.png","contentUrl":"https:\/\/www.alfaterm.com.br\/wp-content\/uploads\/2024\/07\/logo-alfaterm.png","width":393,"height":45,"caption":"Bem-vindo \u00e0 ALFATERM"},"image":{"@id":"https:\/\/www.alfaterm.com.br\/#\/schema\/logo\/image\/"}}]}},"_links":{"self":[{"href":"https:\/\/www.alfaterm.com.br\/en\/wp-json\/wp\/v2\/pages\/2239","targetHints":{"allow":["GET"]}}],"collection":[{"href":"https:\/\/www.alfaterm.com.br\/en\/wp-json\/wp\/v2\/pages"}],"about":[{"href":"https:\/\/www.alfaterm.com.br\/en\/wp-json\/wp\/v2\/types\/page"}],"author":[{"embeddable":true,"href":"https:\/\/www.alfaterm.com.br\/en\/wp-json\/wp\/v2\/users\/1"}],"replies":[{"embeddable":true,"href":"https:\/\/www.alfaterm.com.br\/en\/wp-json\/wp\/v2\/comments?post=2239"}],"version-history":[{"count":0,"href":"https:\/\/www.alfaterm.com.br\/en\/wp-json\/wp\/v2\/pages\/2239\/revisions"}],"up":[{"embeddable":true,"href":"https:\/\/www.alfaterm.com.br\/en\/wp-json\/wp\/v2\/pages\/2144"}],"wp:featuredmedia":[{"embeddable":true,"href":"https:\/\/www.alfaterm.com.br\/en\/wp-json\/wp\/v2\/media\/2256"}],"wp:attachment":[{"href":"https:\/\/www.alfaterm.com.br\/en\/wp-json\/wp\/v2\/media?parent=2239"}],"curies":[{"name":"wp","href":"https:\/\/api.w.org\/{rel}","templated":true}]}}