{"id":2238,"date":"2024-09-02T08:08:34","date_gmt":"2024-09-02T11:08:34","guid":{"rendered":"https:\/\/www.alfaterm.com.br\/?page_id=2238"},"modified":"2024-09-09T05:04:53","modified_gmt":"2024-09-09T08:04:53","slug":"helice-torre-resfriamento","status":"publish","type":"page","link":"https:\/\/www.alfaterm.com.br\/en\/informacoes\/helice-torre-resfriamento\/","title":{"rendered":"H\u00e9lice para torre de resfriamento"},"content":{"rendered":"<p>Extremamente importante para o funcionamento do sistema das torres de resfriamento, a&nbsp;h\u00e9lice para torre de resfriamento&nbsp;\u00e9 uma pe\u00e7a que, assim como a \u00e1gua, auxilia no processo de arrefecimento das m\u00e1quinas e equipamentos. Usualmente fabricada em PRFV \u2013 poli\u00e9ster refor\u00e7ado com fibra de vidro \u2013 polipropileno ou alum\u00ednio, o material utilizado na&nbsp;h\u00e9lice para torre de resfriamento&nbsp;pode variar segundo o tipo de aplica\u00e7\u00e3o.<\/p>\n\n\n\n<p>A&nbsp;h\u00e9lice para torre de resfriamento&nbsp;\u00e9 solicitada, basicamente, em todos os tipos de ind\u00fastrias e empresas que trabalham com sistema de refrigera\u00e7\u00e3o, dentre elas, a ind\u00fastria aliment\u00edcia, a ind\u00fastria farmac\u00eautica, a ind\u00fastria qu\u00edmica, a ind\u00fastria de latic\u00ednios, as refinarias de petr\u00f3leo, as esta\u00e7\u00f5es de energia e outras.<\/p>\n\n\n\n<h2 class=\"wp-block-heading\">BENEF\u00cdCIOS DA H\u00c9LICE PARA TORRE DE RESFRIAMENTO<\/h2>\n\n\n\n<p>Por ser uma parte muito importante do processo de refrigera\u00e7\u00e3o, a&nbsp;h\u00e9lice para torre de resfriamento&nbsp;\u00e9 feita sob medida de acordo com as compatibilidades e medidas de cada torre.<\/p>\n\n\n\n<p>Com um design aerodin\u00e2mico e que confere a&nbsp;h\u00e9lice para torre de resfriamento&nbsp;a possibilidade de realizar sua fun\u00e7\u00e3o com o m\u00ednimo de energia poss\u00edvel, a h\u00e9lice possui uma grande vantagem que \u00e9 a sua capacidade em movimentar grandes volumes de ar, aumentando assim, a qualidade de seu trabalho.<\/p>\n\n\n\n<p>Utilizando motores de alto rendimento, a&nbsp;h\u00e9lice para torre de resfriamento&nbsp;\u00e9 muito silenciosa, o que contribui para um ambiente organizado e o bem-estar de todos os funcion\u00e1rios e pessoas envolvidas. Dessa forma, a escolha correta de uma&nbsp;h\u00e9lice para torre de resfriamento, evita transtornos como: a falha dos equipamentos e a necessidade de manuten\u00e7\u00e3o e reparos por deteriora\u00e7\u00e3o de materiais.<\/p>\n\n\n\n<h2 class=\"wp-block-heading\">H\u00c1 30 ANOS NO RAMO DE FABRICA\u00c7\u00c3O E MANUTEN\u00c7\u00c3O DE TORRES DE RESFRIAMENTO<\/h2>\n\n\n\n<p>Com o objetivo de projetar, instalar e executar manuten\u00e7\u00f5es preventivas e corretivas em torres de resfriamento, a ALFATERM Ind\u00fastria e Com\u00e9rcio Ltda. vem trabalhando e se especializando em seu segmento por mais de tr\u00eas d\u00e9cadas.<\/p>\n\n\n\n<p>Certificada pelo ISO 9000 \u2013 um modelo de gest\u00e3o de qualidade \u2013 a ALFATERM Ind\u00fastria e Com\u00e9rcio Ltda. possui abrang\u00eancia de atendimento em toda a Am\u00e9rica Latina e Central, procurando atender as expectativas e necessidade de todos os seus clientes. Bem conceituada e constantemente atualizada com as novidades de seu mercado, a ALFATERM Ind\u00fastria e Com\u00e9rcio Ltda.&nbsp; \u00e9 adepta de solu\u00e7\u00f5es que levem em considera\u00e7\u00e3o n\u00e3o apenas a efic\u00e1cia dos produtos e servi\u00e7os, mas a preserva\u00e7\u00e3o do meio ambiente.<\/p>\n\n\n\n<h2 class=\"wp-block-heading\">Para saber mais sobre Assist\u00eancia t\u00e9cnica em torres de resfriar<\/h2>\n\n\n\n<p>Ligue para&nbsp;<strong>11 4156-8930<\/strong>&nbsp;ou&nbsp;<a href=\"https:\/\/www.alfaterm.com.br\/en\/contact\/\">clique aqui<\/a>&nbsp;e entre em contato por email.<\/p>","protected":false},"excerpt":{"rendered":"<p>Extremamente importante para o funcionamento do sistema das torres de resfriamento, a&nbsp;h\u00e9lice para torre de resfriamento&nbsp;\u00e9 uma pe\u00e7a que, assim como a \u00e1gua, auxilia no processo de arrefecimento das m\u00e1quinas e equipamentos. Usualmente fabricada em PRFV \u2013 poli\u00e9ster refor\u00e7ado com fibra de vidro \u2013 polipropileno ou alum\u00ednio, o material utilizado na&nbsp;h\u00e9lice para torre de resfriamento&nbsp;pode [&hellip;]<\/p>","protected":false},"author":1,"featured_media":2257,"parent":2144,"menu_order":0,"comment_status":"closed","ping_status":"closed","template":"","meta":{"_acf_changed":false,"_joinchat":[],"footnotes":""},"class_list":["post-2238","page","type-page","status-publish","has-post-thumbnail","hentry"],"acf":[],"yoast_head":"<!-- This site is optimized with the Yoast SEO Premium plugin v23.4 (Yoast SEO v27.1.1) - https:\/\/yoast.com\/product\/yoast-seo-premium-wordpress\/ -->\n<title>H\u00e9lice para torre de resfriamento - Bem-vindo \u00e0 ALFATERM<\/title>\n<meta name=\"robots\" content=\"index, follow, max-snippet:-1, max-image-preview:large, max-video-preview:-1\" \/>\n<link rel=\"canonical\" href=\"https:\/\/www.alfaterm.com.br\/en\/informacoes\/helice-torre-resfriamento\/\" \/>\n<meta property=\"og:locale\" content=\"en_US\" \/>\n<meta property=\"og:type\" content=\"article\" \/>\n<meta property=\"og:title\" content=\"H\u00e9lice para torre de resfriamento\" \/>\n<meta property=\"og:description\" content=\"Extremamente importante para o funcionamento do sistema das torres de resfriamento, a&nbsp;h\u00e9lice para torre de resfriamento&nbsp;\u00e9 uma pe\u00e7a que, assim como a \u00e1gua, auxilia no processo de arrefecimento das m\u00e1quinas e equipamentos. Usualmente fabricada em PRFV \u2013 poli\u00e9ster refor\u00e7ado com fibra de vidro \u2013 polipropileno ou alum\u00ednio, o material utilizado na&nbsp;h\u00e9lice para torre de resfriamento&nbsp;pode [&hellip;]\" \/>\n<meta property=\"og:url\" content=\"https:\/\/www.alfaterm.com.br\/en\/informacoes\/helice-torre-resfriamento\/\" \/>\n<meta property=\"og:site_name\" content=\"Bem-vindo \u00e0 ALFATERM\" \/>\n<meta property=\"article:modified_time\" content=\"2024-09-09T08:04:53+00:00\" \/>\n<meta property=\"og:image\" content=\"https:\/\/www.alfaterm.com.br\/wp-content\/uploads\/2024\/09\/helice-torres-resfriamento.webp\" \/>\n\t<meta property=\"og:image:width\" content=\"800\" \/>\n\t<meta property=\"og:image:height\" content=\"524\" \/>\n\t<meta property=\"og:image:type\" content=\"image\/webp\" \/>\n<meta name=\"twitter:card\" content=\"summary_large_image\" \/>\n<meta name=\"twitter:label1\" content=\"Est. reading time\" \/>\n\t<meta name=\"twitter:data1\" content=\"2 minutes\" \/>\n<script type=\"application\/ld+json\" class=\"yoast-schema-graph\">{\"@context\":\"https:\/\/schema.org\",\"@graph\":[{\"@type\":\"WebPage\",\"@id\":\"https:\/\/www.alfaterm.com.br\/informacoes\/helice-torre-resfriamento\/\",\"url\":\"https:\/\/www.alfaterm.com.br\/informacoes\/helice-torre-resfriamento\/\",\"name\":\"H\u00e9lice para torre de resfriamento - Bem-vindo \u00e0 ALFATERM\",\"isPartOf\":{\"@id\":\"https:\/\/www.alfaterm.com.br\/#website\"},\"primaryImageOfPage\":{\"@id\":\"https:\/\/www.alfaterm.com.br\/informacoes\/helice-torre-resfriamento\/#primaryimage\"},\"image\":{\"@id\":\"https:\/\/www.alfaterm.com.br\/informacoes\/helice-torre-resfriamento\/#primaryimage\"},\"thumbnailUrl\":\"https:\/\/www.alfaterm.com.br\/wp-content\/uploads\/2024\/09\/helice-torres-resfriamento.webp\",\"datePublished\":\"2024-09-02T11:08:34+00:00\",\"dateModified\":\"2024-09-09T08:04:53+00:00\",\"breadcrumb\":{\"@id\":\"https:\/\/www.alfaterm.com.br\/informacoes\/helice-torre-resfriamento\/#breadcrumb\"},\"inLanguage\":\"en-US\",\"potentialAction\":[{\"@type\":\"ReadAction\",\"target\":[\"https:\/\/www.alfaterm.com.br\/informacoes\/helice-torre-resfriamento\/\"]}]},{\"@type\":\"ImageObject\",\"inLanguage\":\"en-US\",\"@id\":\"https:\/\/www.alfaterm.com.br\/informacoes\/helice-torre-resfriamento\/#primaryimage\",\"url\":\"https:\/\/www.alfaterm.com.br\/wp-content\/uploads\/2024\/09\/helice-torres-resfriamento.webp\",\"contentUrl\":\"https:\/\/www.alfaterm.com.br\/wp-content\/uploads\/2024\/09\/helice-torres-resfriamento.webp\",\"width\":800,\"height\":524},{\"@type\":\"BreadcrumbList\",\"@id\":\"https:\/\/www.alfaterm.com.br\/informacoes\/helice-torre-resfriamento\/#breadcrumb\",\"itemListElement\":[{\"@type\":\"ListItem\",\"position\":1,\"name\":\"Home\",\"item\":\"https:\/\/www.alfaterm.com.br\/\"},{\"@type\":\"ListItem\",\"position\":2,\"name\":\"Informa\u00e7\u00f5es\",\"item\":\"https:\/\/www.alfaterm.com.br\/informacoes\/\"},{\"@type\":\"ListItem\",\"position\":3,\"name\":\"H\u00e9lice para torre de resfriamento\"}]},{\"@type\":\"WebSite\",\"@id\":\"https:\/\/www.alfaterm.com.br\/#website\",\"url\":\"https:\/\/www.alfaterm.com.br\/\",\"name\":\"Bem-vindo \u00e0 ALFATERM\",\"description\":\"\",\"publisher\":{\"@id\":\"https:\/\/www.alfaterm.com.br\/#organization\"},\"potentialAction\":[{\"@type\":\"SearchAction\",\"target\":{\"@type\":\"EntryPoint\",\"urlTemplate\":\"https:\/\/www.alfaterm.com.br\/?s={search_term_string}\"},\"query-input\":{\"@type\":\"PropertyValueSpecification\",\"valueRequired\":true,\"valueName\":\"search_term_string\"}}],\"inLanguage\":\"en-US\"},{\"@type\":\"Organization\",\"@id\":\"https:\/\/www.alfaterm.com.br\/#organization\",\"name\":\"Bem-vindo \u00e0 ALFATERM\",\"url\":\"https:\/\/www.alfaterm.com.br\/\",\"logo\":{\"@type\":\"ImageObject\",\"inLanguage\":\"en-US\",\"@id\":\"https:\/\/www.alfaterm.com.br\/#\/schema\/logo\/image\/\",\"url\":\"https:\/\/www.alfaterm.com.br\/wp-content\/uploads\/2024\/07\/logo-alfaterm.png\",\"contentUrl\":\"https:\/\/www.alfaterm.com.br\/wp-content\/uploads\/2024\/07\/logo-alfaterm.png\",\"width\":393,\"height\":45,\"caption\":\"Bem-vindo \u00e0 ALFATERM\"},\"image\":{\"@id\":\"https:\/\/www.alfaterm.com.br\/#\/schema\/logo\/image\/\"}}]}<\/script>\n<!-- \/ Yoast SEO Premium plugin. -->","yoast_head_json":{"title":"H\u00e9lice para torre de resfriamento - Bem-vindo \u00e0 ALFATERM","robots":{"index":"index","follow":"follow","max-snippet":"max-snippet:-1","max-image-preview":"max-image-preview:large","max-video-preview":"max-video-preview:-1"},"canonical":"https:\/\/www.alfaterm.com.br\/en\/informacoes\/helice-torre-resfriamento\/","og_locale":"en_US","og_type":"article","og_title":"H\u00e9lice para torre de resfriamento","og_description":"Extremamente importante para o funcionamento do sistema das torres de resfriamento, a&nbsp;h\u00e9lice para torre de resfriamento&nbsp;\u00e9 uma pe\u00e7a que, assim como a \u00e1gua, auxilia no processo de arrefecimento das m\u00e1quinas e equipamentos. Usualmente fabricada em PRFV \u2013 poli\u00e9ster refor\u00e7ado com fibra de vidro \u2013 polipropileno ou alum\u00ednio, o material utilizado na&nbsp;h\u00e9lice para torre de resfriamento&nbsp;pode [&hellip;]","og_url":"https:\/\/www.alfaterm.com.br\/en\/informacoes\/helice-torre-resfriamento\/","og_site_name":"Bem-vindo \u00e0 ALFATERM","article_modified_time":"2024-09-09T08:04:53+00:00","og_image":[{"width":800,"height":524,"url":"https:\/\/www.alfaterm.com.br\/wp-content\/uploads\/2024\/09\/helice-torres-resfriamento.webp","type":"image\/webp"}],"twitter_card":"summary_large_image","twitter_misc":{"Est. reading time":"2 minutes"},"schema":{"@context":"https:\/\/schema.org","@graph":[{"@type":"WebPage","@id":"https:\/\/www.alfaterm.com.br\/informacoes\/helice-torre-resfriamento\/","url":"https:\/\/www.alfaterm.com.br\/informacoes\/helice-torre-resfriamento\/","name":"H\u00e9lice para torre de resfriamento - Bem-vindo \u00e0 ALFATERM","isPartOf":{"@id":"https:\/\/www.alfaterm.com.br\/#website"},"primaryImageOfPage":{"@id":"https:\/\/www.alfaterm.com.br\/informacoes\/helice-torre-resfriamento\/#primaryimage"},"image":{"@id":"https:\/\/www.alfaterm.com.br\/informacoes\/helice-torre-resfriamento\/#primaryimage"},"thumbnailUrl":"https:\/\/www.alfaterm.com.br\/wp-content\/uploads\/2024\/09\/helice-torres-resfriamento.webp","datePublished":"2024-09-02T11:08:34+00:00","dateModified":"2024-09-09T08:04:53+00:00","breadcrumb":{"@id":"https:\/\/www.alfaterm.com.br\/informacoes\/helice-torre-resfriamento\/#breadcrumb"},"inLanguage":"en-US","potentialAction":[{"@type":"ReadAction","target":["https:\/\/www.alfaterm.com.br\/informacoes\/helice-torre-resfriamento\/"]}]},{"@type":"ImageObject","inLanguage":"en-US","@id":"https:\/\/www.alfaterm.com.br\/informacoes\/helice-torre-resfriamento\/#primaryimage","url":"https:\/\/www.alfaterm.com.br\/wp-content\/uploads\/2024\/09\/helice-torres-resfriamento.webp","contentUrl":"https:\/\/www.alfaterm.com.br\/wp-content\/uploads\/2024\/09\/helice-torres-resfriamento.webp","width":800,"height":524},{"@type":"BreadcrumbList","@id":"https:\/\/www.alfaterm.com.br\/informacoes\/helice-torre-resfriamento\/#breadcrumb","itemListElement":[{"@type":"ListItem","position":1,"name":"Home","item":"https:\/\/www.alfaterm.com.br\/"},{"@type":"ListItem","position":2,"name":"Informa\u00e7\u00f5es","item":"https:\/\/www.alfaterm.com.br\/informacoes\/"},{"@type":"ListItem","position":3,"name":"H\u00e9lice para torre de resfriamento"}]},{"@type":"WebSite","@id":"https:\/\/www.alfaterm.com.br\/#website","url":"https:\/\/www.alfaterm.com.br\/","name":"Bem-vindo \u00e0 ALFATERM","description":"","publisher":{"@id":"https:\/\/www.alfaterm.com.br\/#organization"},"potentialAction":[{"@type":"SearchAction","target":{"@type":"EntryPoint","urlTemplate":"https:\/\/www.alfaterm.com.br\/?s={search_term_string}"},"query-input":{"@type":"PropertyValueSpecification","valueRequired":true,"valueName":"search_term_string"}}],"inLanguage":"en-US"},{"@type":"Organization","@id":"https:\/\/www.alfaterm.com.br\/#organization","name":"Bem-vindo \u00e0 ALFATERM","url":"https:\/\/www.alfaterm.com.br\/","logo":{"@type":"ImageObject","inLanguage":"en-US","@id":"https:\/\/www.alfaterm.com.br\/#\/schema\/logo\/image\/","url":"https:\/\/www.alfaterm.com.br\/wp-content\/uploads\/2024\/07\/logo-alfaterm.png","contentUrl":"https:\/\/www.alfaterm.com.br\/wp-content\/uploads\/2024\/07\/logo-alfaterm.png","width":393,"height":45,"caption":"Bem-vindo \u00e0 ALFATERM"},"image":{"@id":"https:\/\/www.alfaterm.com.br\/#\/schema\/logo\/image\/"}}]}},"_links":{"self":[{"href":"https:\/\/www.alfaterm.com.br\/en\/wp-json\/wp\/v2\/pages\/2238","targetHints":{"allow":["GET"]}}],"collection":[{"href":"https:\/\/www.alfaterm.com.br\/en\/wp-json\/wp\/v2\/pages"}],"about":[{"href":"https:\/\/www.alfaterm.com.br\/en\/wp-json\/wp\/v2\/types\/page"}],"author":[{"embeddable":true,"href":"https:\/\/www.alfaterm.com.br\/en\/wp-json\/wp\/v2\/users\/1"}],"replies":[{"embeddable":true,"href":"https:\/\/www.alfaterm.com.br\/en\/wp-json\/wp\/v2\/comments?post=2238"}],"version-history":[{"count":0,"href":"https:\/\/www.alfaterm.com.br\/en\/wp-json\/wp\/v2\/pages\/2238\/revisions"}],"up":[{"embeddable":true,"href":"https:\/\/www.alfaterm.com.br\/en\/wp-json\/wp\/v2\/pages\/2144"}],"wp:featuredmedia":[{"embeddable":true,"href":"https:\/\/www.alfaterm.com.br\/en\/wp-json\/wp\/v2\/media\/2257"}],"wp:attachment":[{"href":"https:\/\/www.alfaterm.com.br\/en\/wp-json\/wp\/v2\/media?parent=2238"}],"curies":[{"name":"wp","href":"https:\/\/api.w.org\/{rel}","templated":true}]}}