{"id":2217,"date":"2024-09-02T07:57:35","date_gmt":"2024-09-02T10:57:35","guid":{"rendered":"https:\/\/www.alfaterm.com.br\/?page_id=2217"},"modified":"2024-09-08T11:21:33","modified_gmt":"2024-09-08T14:21:33","slug":"fornecedores-torres-resfriamento","status":"publish","type":"page","link":"https:\/\/www.alfaterm.com.br\/en\/informacoes\/fornecedores-torres-resfriamento\/","title":{"rendered":"Fornecedores de torres de resfriamento"},"content":{"rendered":"<p>As torres de resfriamento s\u00e3o equipamentos respons\u00e1veis pelos processos de rejei\u00e7\u00e3o de calor, com amplo uso em usinas de a\u00e7\u00facar e \u00e1lcool e pelo segmento industrial. Al\u00e9m disso, elas possibilitam uma grande redu\u00e7\u00e3o no consumo de energia el\u00e9trica, j\u00e1 que o resfriamento de grandes massas de \u00e1gua \u00e9 muito eficiente e pr\u00e1tico. Por esse motivo, \u00e9 recomend\u00e1vel adquirir esses equipamentos em bons&nbsp;fornecedores de torres de resfriamento, parar manter a qualidade e a garantia.<\/p>\n\n\n\n<h2 class=\"wp-block-heading\">AS VANTAGENS DE OPTAR POR FORNECEDORES DE TORRES DE RESFRIAMENTO DE CONFIAN\u00c7A<\/h2>\n\n\n\n<p>Os&nbsp;fornecedores de torres de resfriamento&nbsp;com reconhecimento do mercado oferecem equipamentos com um alto n\u00edvel de excel\u00eancia e com \u00f3timas condi\u00e7\u00f5es de pagamento, com pre\u00e7os acess\u00edveis e compat\u00edveis com o mercado. Mais do que isso, ao contratar os servi\u00e7os dos&nbsp;fornecedores de torres de resfriamento&nbsp;de confian\u00e7a, o cliente ter\u00e1 \u00e0 sua disposi\u00e7\u00e3o uma equipe de profissionais muito bem treinados e habilitados, prontos para auxiliar e dar suporte t\u00e9cnico, em casos de necessidade.<\/p>\n\n\n\n<p>Os&nbsp;fornecedores de torres de resfriamento&nbsp;com comprometimento tamb\u00e9m investem em uma forte pol\u00edtica de seguran\u00e7a, para oferecer prote\u00e7\u00e3o aos clientes, aos usu\u00e1rios dos equipamentos e para as pr\u00f3prias m\u00e1quinas. Entre outras vantagens dos&nbsp;fornecedores de torres de resfriamento&nbsp;confi\u00e1veis, \u00e9 poss\u00edvel destacar:Possuem uma rede de distribui\u00e7\u00e3o log\u00edstica integrada, com respeito aos prazos de entrega; Realizam um atendimento personalizado e atencioso; Usam materiais de excelente proced\u00eancia nas torres de resfriamento; Investem na amplia\u00e7\u00e3o dos recursos tecnol\u00f3gicos, para equipamentos modernos e atualizados; Oferecem solu\u00e7\u00f5es inteligentes em torres de resfriamento, que se adaptam as especifica\u00e7\u00f5es de cada cliente.<\/p>\n\n\n\n<h2 class=\"wp-block-heading\">QUALIDADE EM TORRES DE RESFRIAMENTO COM A ALFATERM IND\u00daSTRIA E COM\u00c9RCIO LTDA.<\/h2>\n\n\n\n<p>A ALFATERM Ind\u00fastria e Com\u00e9rcio Ltda. \u00e9 um dos mais reconhecidos&nbsp;fornecedores de torres de resfriamento&nbsp;do mercado. A empresa atende toda a Am\u00e9rica Latina e tamb\u00e9m pa\u00edses da Am\u00e9rica Central, oferecendo o que h\u00e1 de melhor em equipamentos para usinas de a\u00e7\u00facar e \u00e1lcool. Mais do que isso, a ALFATERM Ind\u00fastria e Com\u00e9rcio Ltda. tem excel\u00eancia de todos os seus produtos e as melhores condi\u00e7\u00f5es de pagamento, al\u00e9m de um sistema integrado de gest\u00e3o de qualidade, com certifica\u00e7\u00e3o ISO 14001. Dessa forma, a fornecedora demonstra toda a sua credibilidade, bem como o compromisso no melhor atendimento para seus clientes.<\/p>\n\n\n\n<h2 class=\"wp-block-heading\">Para saber mais sobre Assist\u00eancia t\u00e9cnica em torres de resfriar<\/h2>\n\n\n\n<p>Ligue para&nbsp;<strong>11 4156-8930<\/strong>&nbsp;ou&nbsp;<a href=\"https:\/\/www.alfaterm.com.br\/en\/contact\/\">clique aqui<\/a>&nbsp;e entre em contato por email.<\/p>","protected":false},"excerpt":{"rendered":"<p>As torres de resfriamento s\u00e3o equipamentos respons\u00e1veis pelos processos de rejei\u00e7\u00e3o de calor, com amplo uso em usinas de a\u00e7\u00facar e \u00e1lcool e pelo segmento industrial. Al\u00e9m disso, elas possibilitam uma grande redu\u00e7\u00e3o no consumo de energia el\u00e9trica, j\u00e1 que o resfriamento de grandes massas de \u00e1gua \u00e9 muito eficiente e pr\u00e1tico. Por esse motivo, [&hellip;]<\/p>","protected":false},"author":1,"featured_media":2224,"parent":2144,"menu_order":0,"comment_status":"closed","ping_status":"closed","template":"","meta":{"_acf_changed":false,"_joinchat":[],"footnotes":""},"class_list":["post-2217","page","type-page","status-publish","has-post-thumbnail","hentry"],"acf":[],"yoast_head":"<!-- This site is optimized with the Yoast SEO Premium plugin v23.4 (Yoast SEO v27.1.1) - https:\/\/yoast.com\/product\/yoast-seo-premium-wordpress\/ -->\n<title>Fornecedores de torres de resfriamento - Bem-vindo \u00e0 ALFATERM<\/title>\n<meta name=\"robots\" content=\"index, follow, max-snippet:-1, max-image-preview:large, max-video-preview:-1\" \/>\n<link rel=\"canonical\" href=\"https:\/\/www.alfaterm.com.br\/en\/informacoes\/fornecedores-torres-resfriamento\/\" \/>\n<meta property=\"og:locale\" content=\"en_US\" \/>\n<meta property=\"og:type\" content=\"article\" \/>\n<meta property=\"og:title\" content=\"Fornecedores de torres de resfriamento\" \/>\n<meta property=\"og:description\" content=\"As torres de resfriamento s\u00e3o equipamentos respons\u00e1veis pelos processos de rejei\u00e7\u00e3o de calor, com amplo uso em usinas de a\u00e7\u00facar e \u00e1lcool e pelo segmento industrial. Al\u00e9m disso, elas possibilitam uma grande redu\u00e7\u00e3o no consumo de energia el\u00e9trica, j\u00e1 que o resfriamento de grandes massas de \u00e1gua \u00e9 muito eficiente e pr\u00e1tico. Por esse motivo, [&hellip;]\" \/>\n<meta property=\"og:url\" content=\"https:\/\/www.alfaterm.com.br\/en\/informacoes\/fornecedores-torres-resfriamento\/\" \/>\n<meta property=\"og:site_name\" content=\"Bem-vindo \u00e0 ALFATERM\" \/>\n<meta property=\"article:modified_time\" content=\"2024-09-08T14:21:33+00:00\" \/>\n<meta property=\"og:image\" content=\"https:\/\/www.alfaterm.com.br\/wp-content\/uploads\/2024\/09\/fornecedores-torres-resfriamento.webp\" \/>\n\t<meta property=\"og:image:width\" content=\"800\" \/>\n\t<meta property=\"og:image:height\" content=\"592\" \/>\n\t<meta property=\"og:image:type\" content=\"image\/webp\" \/>\n<meta name=\"twitter:card\" content=\"summary_large_image\" \/>\n<meta name=\"twitter:label1\" content=\"Est. reading time\" \/>\n\t<meta name=\"twitter:data1\" content=\"2 minutes\" \/>\n<script type=\"application\/ld+json\" class=\"yoast-schema-graph\">{\"@context\":\"https:\/\/schema.org\",\"@graph\":[{\"@type\":\"WebPage\",\"@id\":\"https:\/\/www.alfaterm.com.br\/informacoes\/fornecedores-torres-resfriamento\/\",\"url\":\"https:\/\/www.alfaterm.com.br\/informacoes\/fornecedores-torres-resfriamento\/\",\"name\":\"Fornecedores de torres de resfriamento - Bem-vindo \u00e0 ALFATERM\",\"isPartOf\":{\"@id\":\"https:\/\/www.alfaterm.com.br\/#website\"},\"primaryImageOfPage\":{\"@id\":\"https:\/\/www.alfaterm.com.br\/informacoes\/fornecedores-torres-resfriamento\/#primaryimage\"},\"image\":{\"@id\":\"https:\/\/www.alfaterm.com.br\/informacoes\/fornecedores-torres-resfriamento\/#primaryimage\"},\"thumbnailUrl\":\"https:\/\/www.alfaterm.com.br\/wp-content\/uploads\/2024\/09\/fornecedores-torres-resfriamento.webp\",\"datePublished\":\"2024-09-02T10:57:35+00:00\",\"dateModified\":\"2024-09-08T14:21:33+00:00\",\"breadcrumb\":{\"@id\":\"https:\/\/www.alfaterm.com.br\/informacoes\/fornecedores-torres-resfriamento\/#breadcrumb\"},\"inLanguage\":\"en-US\",\"potentialAction\":[{\"@type\":\"ReadAction\",\"target\":[\"https:\/\/www.alfaterm.com.br\/informacoes\/fornecedores-torres-resfriamento\/\"]}]},{\"@type\":\"ImageObject\",\"inLanguage\":\"en-US\",\"@id\":\"https:\/\/www.alfaterm.com.br\/informacoes\/fornecedores-torres-resfriamento\/#primaryimage\",\"url\":\"https:\/\/www.alfaterm.com.br\/wp-content\/uploads\/2024\/09\/fornecedores-torres-resfriamento.webp\",\"contentUrl\":\"https:\/\/www.alfaterm.com.br\/wp-content\/uploads\/2024\/09\/fornecedores-torres-resfriamento.webp\",\"width\":800,\"height\":592},{\"@type\":\"BreadcrumbList\",\"@id\":\"https:\/\/www.alfaterm.com.br\/informacoes\/fornecedores-torres-resfriamento\/#breadcrumb\",\"itemListElement\":[{\"@type\":\"ListItem\",\"position\":1,\"name\":\"Home\",\"item\":\"https:\/\/www.alfaterm.com.br\/\"},{\"@type\":\"ListItem\",\"position\":2,\"name\":\"Informa\u00e7\u00f5es\",\"item\":\"https:\/\/www.alfaterm.com.br\/informacoes\/\"},{\"@type\":\"ListItem\",\"position\":3,\"name\":\"Fornecedores de torres de resfriamento\"}]},{\"@type\":\"WebSite\",\"@id\":\"https:\/\/www.alfaterm.com.br\/#website\",\"url\":\"https:\/\/www.alfaterm.com.br\/\",\"name\":\"Bem-vindo \u00e0 ALFATERM\",\"description\":\"\",\"publisher\":{\"@id\":\"https:\/\/www.alfaterm.com.br\/#organization\"},\"potentialAction\":[{\"@type\":\"SearchAction\",\"target\":{\"@type\":\"EntryPoint\",\"urlTemplate\":\"https:\/\/www.alfaterm.com.br\/?s={search_term_string}\"},\"query-input\":{\"@type\":\"PropertyValueSpecification\",\"valueRequired\":true,\"valueName\":\"search_term_string\"}}],\"inLanguage\":\"en-US\"},{\"@type\":\"Organization\",\"@id\":\"https:\/\/www.alfaterm.com.br\/#organization\",\"name\":\"Bem-vindo \u00e0 ALFATERM\",\"url\":\"https:\/\/www.alfaterm.com.br\/\",\"logo\":{\"@type\":\"ImageObject\",\"inLanguage\":\"en-US\",\"@id\":\"https:\/\/www.alfaterm.com.br\/#\/schema\/logo\/image\/\",\"url\":\"https:\/\/www.alfaterm.com.br\/wp-content\/uploads\/2024\/07\/logo-alfaterm.png\",\"contentUrl\":\"https:\/\/www.alfaterm.com.br\/wp-content\/uploads\/2024\/07\/logo-alfaterm.png\",\"width\":393,\"height\":45,\"caption\":\"Bem-vindo \u00e0 ALFATERM\"},\"image\":{\"@id\":\"https:\/\/www.alfaterm.com.br\/#\/schema\/logo\/image\/\"}}]}<\/script>\n<!-- \/ Yoast SEO Premium plugin. -->","yoast_head_json":{"title":"Fornecedores de torres de resfriamento - Bem-vindo \u00e0 ALFATERM","robots":{"index":"index","follow":"follow","max-snippet":"max-snippet:-1","max-image-preview":"max-image-preview:large","max-video-preview":"max-video-preview:-1"},"canonical":"https:\/\/www.alfaterm.com.br\/en\/informacoes\/fornecedores-torres-resfriamento\/","og_locale":"en_US","og_type":"article","og_title":"Fornecedores de torres de resfriamento","og_description":"As torres de resfriamento s\u00e3o equipamentos respons\u00e1veis pelos processos de rejei\u00e7\u00e3o de calor, com amplo uso em usinas de a\u00e7\u00facar e \u00e1lcool e pelo segmento industrial. Al\u00e9m disso, elas possibilitam uma grande redu\u00e7\u00e3o no consumo de energia el\u00e9trica, j\u00e1 que o resfriamento de grandes massas de \u00e1gua \u00e9 muito eficiente e pr\u00e1tico. Por esse motivo, [&hellip;]","og_url":"https:\/\/www.alfaterm.com.br\/en\/informacoes\/fornecedores-torres-resfriamento\/","og_site_name":"Bem-vindo \u00e0 ALFATERM","article_modified_time":"2024-09-08T14:21:33+00:00","og_image":[{"width":800,"height":592,"url":"https:\/\/www.alfaterm.com.br\/wp-content\/uploads\/2024\/09\/fornecedores-torres-resfriamento.webp","type":"image\/webp"}],"twitter_card":"summary_large_image","twitter_misc":{"Est. reading time":"2 minutes"},"schema":{"@context":"https:\/\/schema.org","@graph":[{"@type":"WebPage","@id":"https:\/\/www.alfaterm.com.br\/informacoes\/fornecedores-torres-resfriamento\/","url":"https:\/\/www.alfaterm.com.br\/informacoes\/fornecedores-torres-resfriamento\/","name":"Fornecedores de torres de resfriamento - Bem-vindo \u00e0 ALFATERM","isPartOf":{"@id":"https:\/\/www.alfaterm.com.br\/#website"},"primaryImageOfPage":{"@id":"https:\/\/www.alfaterm.com.br\/informacoes\/fornecedores-torres-resfriamento\/#primaryimage"},"image":{"@id":"https:\/\/www.alfaterm.com.br\/informacoes\/fornecedores-torres-resfriamento\/#primaryimage"},"thumbnailUrl":"https:\/\/www.alfaterm.com.br\/wp-content\/uploads\/2024\/09\/fornecedores-torres-resfriamento.webp","datePublished":"2024-09-02T10:57:35+00:00","dateModified":"2024-09-08T14:21:33+00:00","breadcrumb":{"@id":"https:\/\/www.alfaterm.com.br\/informacoes\/fornecedores-torres-resfriamento\/#breadcrumb"},"inLanguage":"en-US","potentialAction":[{"@type":"ReadAction","target":["https:\/\/www.alfaterm.com.br\/informacoes\/fornecedores-torres-resfriamento\/"]}]},{"@type":"ImageObject","inLanguage":"en-US","@id":"https:\/\/www.alfaterm.com.br\/informacoes\/fornecedores-torres-resfriamento\/#primaryimage","url":"https:\/\/www.alfaterm.com.br\/wp-content\/uploads\/2024\/09\/fornecedores-torres-resfriamento.webp","contentUrl":"https:\/\/www.alfaterm.com.br\/wp-content\/uploads\/2024\/09\/fornecedores-torres-resfriamento.webp","width":800,"height":592},{"@type":"BreadcrumbList","@id":"https:\/\/www.alfaterm.com.br\/informacoes\/fornecedores-torres-resfriamento\/#breadcrumb","itemListElement":[{"@type":"ListItem","position":1,"name":"Home","item":"https:\/\/www.alfaterm.com.br\/"},{"@type":"ListItem","position":2,"name":"Informa\u00e7\u00f5es","item":"https:\/\/www.alfaterm.com.br\/informacoes\/"},{"@type":"ListItem","position":3,"name":"Fornecedores de torres de resfriamento"}]},{"@type":"WebSite","@id":"https:\/\/www.alfaterm.com.br\/#website","url":"https:\/\/www.alfaterm.com.br\/","name":"Bem-vindo \u00e0 ALFATERM","description":"","publisher":{"@id":"https:\/\/www.alfaterm.com.br\/#organization"},"potentialAction":[{"@type":"SearchAction","target":{"@type":"EntryPoint","urlTemplate":"https:\/\/www.alfaterm.com.br\/?s={search_term_string}"},"query-input":{"@type":"PropertyValueSpecification","valueRequired":true,"valueName":"search_term_string"}}],"inLanguage":"en-US"},{"@type":"Organization","@id":"https:\/\/www.alfaterm.com.br\/#organization","name":"Bem-vindo \u00e0 ALFATERM","url":"https:\/\/www.alfaterm.com.br\/","logo":{"@type":"ImageObject","inLanguage":"en-US","@id":"https:\/\/www.alfaterm.com.br\/#\/schema\/logo\/image\/","url":"https:\/\/www.alfaterm.com.br\/wp-content\/uploads\/2024\/07\/logo-alfaterm.png","contentUrl":"https:\/\/www.alfaterm.com.br\/wp-content\/uploads\/2024\/07\/logo-alfaterm.png","width":393,"height":45,"caption":"Bem-vindo \u00e0 ALFATERM"},"image":{"@id":"https:\/\/www.alfaterm.com.br\/#\/schema\/logo\/image\/"}}]}},"_links":{"self":[{"href":"https:\/\/www.alfaterm.com.br\/en\/wp-json\/wp\/v2\/pages\/2217","targetHints":{"allow":["GET"]}}],"collection":[{"href":"https:\/\/www.alfaterm.com.br\/en\/wp-json\/wp\/v2\/pages"}],"about":[{"href":"https:\/\/www.alfaterm.com.br\/en\/wp-json\/wp\/v2\/types\/page"}],"author":[{"embeddable":true,"href":"https:\/\/www.alfaterm.com.br\/en\/wp-json\/wp\/v2\/users\/1"}],"replies":[{"embeddable":true,"href":"https:\/\/www.alfaterm.com.br\/en\/wp-json\/wp\/v2\/comments?post=2217"}],"version-history":[{"count":0,"href":"https:\/\/www.alfaterm.com.br\/en\/wp-json\/wp\/v2\/pages\/2217\/revisions"}],"up":[{"embeddable":true,"href":"https:\/\/www.alfaterm.com.br\/en\/wp-json\/wp\/v2\/pages\/2144"}],"wp:featuredmedia":[{"embeddable":true,"href":"https:\/\/www.alfaterm.com.br\/en\/wp-json\/wp\/v2\/media\/2224"}],"wp:attachment":[{"href":"https:\/\/www.alfaterm.com.br\/en\/wp-json\/wp\/v2\/media?parent=2217"}],"curies":[{"name":"wp","href":"https:\/\/api.w.org\/{rel}","templated":true}]}}