{"id":2215,"date":"2024-09-02T07:57:40","date_gmt":"2024-09-02T10:57:40","guid":{"rendered":"https:\/\/www.alfaterm.com.br\/?page_id=2215"},"modified":"2024-09-08T11:21:12","modified_gmt":"2024-09-08T14:21:12","slug":"fabrica-torre-resfriamento","status":"publish","type":"page","link":"https:\/\/www.alfaterm.com.br\/en\/informacoes\/fabrica-torre-resfriamento\/","title":{"rendered":"F\u00e1brica de torre de resfriamento"},"content":{"rendered":"<p>A&nbsp;f\u00e1brica de torre de resfriamento&nbsp;\u00e9 um fornecedor especializado em equipamentos de alta tecnologia para dissipa\u00e7\u00e3o t\u00e9rmica pelo processo evaporativo. Essas empresas projetam, fabricam, instalam e realizam manuten\u00e7\u00e3o de torres de resfriamento de \u00e1gua de diversos tipos.<\/p>\n\n\n\n<p>Algumas das torres mais comuns produzidas para o mercado industrial s\u00e3o as torres de resfriamento de fibra de vidro, do tipo contra corrente com ventila\u00e7\u00e3o induzida ou for\u00e7ada, do tipo corrente cruzada com ventila\u00e7\u00e3o for\u00e7ada, entre outras. Cada torre \u00e9 projetada de acordo com as necessidades de remo\u00e7\u00e3o de calor dos processos industriais.<\/p>\n\n\n\n<h2 class=\"wp-block-heading\">F\u00c1BRICA DE TORRE DE RESFRIAMENTO E SEUS PRINCIPAIS PRODUTOS<\/h2>\n\n\n\n<p>S\u00e3o v\u00e1rias as solu\u00e7\u00f5es oferecidas pela&nbsp;f\u00e1brica de torre de resfriamento&nbsp;para o mercado. As torres podem ser constru\u00eddas em PRFV (pl\u00e1stico refor\u00e7ado em fibra de vidro) e possuem diversos componentes que proporcionam o m\u00e1ximo desempenho em suas fun\u00e7\u00f5es.<\/p>\n\n\n\n<p>Alguns dos equipamentos inclusos na estrutura s\u00e3o ventiladores\/h\u00e9lices, eliminadores e retentores de gotas, sistemas de distribui\u00e7\u00e3o de \u00e1gua, enchimentos de contato do tipo grande, BRT e filme, entre outros. Al\u00e9m disso, essas empresas tamb\u00e9m oferecem bicos pulverizadores, eixos de transmiss\u00e3o e acionamentos variados.<\/p>\n\n\n\n<h2 class=\"wp-block-heading\">VANTAGENS DE COMPRAR DA F\u00c1BRICA DE TORRE DE RESFRIAMENTO<\/h2>\n\n\n\n<p>H\u00e1 muitas vantagens em comprar diretamente da&nbsp;f\u00e1brica de torre de resfriamento. Os fabricantes possuem estrutura robusta, equipamentos de alta tecnologia e m\u00e3o de obra qualificada para desenvolver torres de resfriamento sob medida para as necessidades de cada cliente.<\/p>\n\n\n\n<p>Suas solu\u00e7\u00f5es abrangem os mais diversos setores como a ind\u00fastria petroqu\u00edmica, usinas de a\u00e7\u00facar e \u00e1lcool e esta\u00e7\u00f5es de energia, com projetos \u00fanicos para cada demanda. Al\u00e9m disso, o custo-benef\u00edcio dos produtos e servi\u00e7os \u00e9 excelente, especialmente pela garantia de qualidade e durabilidade.<\/p>\n\n\n\n<h2 class=\"wp-block-heading\">ALFATERM IND\u00daSTRIA E COM\u00c9RCIO LTDA.: A MELHOR F\u00c1BRICA DE TORRE DE RESFRIAMENTO DO MERCADO<\/h2>\n\n\n\n<p>A ALFATERM Ind\u00fastria e Com\u00e9rcio Ltda. \u00e9 uma excelente empresa especializada em dissipa\u00e7\u00e3o t\u00e9rmica que se destaca como&nbsp;f\u00e1brica de torre de resfriamento&nbsp;no mercado. A empresa desenvolve solu\u00e7\u00f5es em fabrica\u00e7\u00e3o, instala\u00e7\u00e3o e manuten\u00e7\u00e3o de torres de resfriamento de \u00e1gua com tiragem de ar Aspiradas (ASP), Insulflamento (INS), corrente cruzada ou contra corrente dimensionadas para qualquer aplica\u00e7\u00e3o necess\u00e1ria.<\/p>\n\n\n\n<p>Seu extenso know how no setor possibilita a realiza\u00e7\u00e3o de projetos de excel\u00eancia com o melhor custo-benef\u00edcio para o cliente. Os principais diferenciais da empresa s\u00e3o o investimento cont\u00ednuo em novas tecnologias, capacita\u00e7\u00e3o dos profissionais e atendimento personalizado.<\/p>\n\n\n\n<h2 class=\"wp-block-heading\">Para saber mais sobre Assist\u00eancia t\u00e9cnica em torres de resfriar<\/h2>\n\n\n\n<p>Ligue para&nbsp;<strong>11 4156-8930<\/strong>&nbsp;ou&nbsp;<a href=\"https:\/\/www.alfaterm.com.br\/en\/contact\/\">clique aqui<\/a>&nbsp;e entre em contato por email.<\/p>","protected":false},"excerpt":{"rendered":"<p>A&nbsp;f\u00e1brica de torre de resfriamento&nbsp;\u00e9 um fornecedor especializado em equipamentos de alta tecnologia para dissipa\u00e7\u00e3o t\u00e9rmica pelo processo evaporativo. Essas empresas projetam, fabricam, instalam e realizam manuten\u00e7\u00e3o de torres de resfriamento de \u00e1gua de diversos tipos. Algumas das torres mais comuns produzidas para o mercado industrial s\u00e3o as torres de resfriamento de fibra de vidro, [&hellip;]<\/p>","protected":false},"author":1,"featured_media":2225,"parent":2144,"menu_order":0,"comment_status":"closed","ping_status":"closed","template":"","meta":{"_acf_changed":false,"_joinchat":[],"footnotes":""},"class_list":["post-2215","page","type-page","status-publish","has-post-thumbnail","hentry"],"acf":[],"yoast_head":"<!-- This site is optimized with the Yoast SEO Premium plugin v23.4 (Yoast SEO v27.1.1) - https:\/\/yoast.com\/product\/yoast-seo-premium-wordpress\/ -->\n<title>F\u00e1brica de torre de resfriamento - Bem-vindo \u00e0 ALFATERM<\/title>\n<meta name=\"robots\" content=\"index, follow, max-snippet:-1, max-image-preview:large, max-video-preview:-1\" \/>\n<link rel=\"canonical\" href=\"https:\/\/www.alfaterm.com.br\/en\/informacoes\/fabrica-torre-resfriamento\/\" \/>\n<meta property=\"og:locale\" content=\"en_US\" \/>\n<meta property=\"og:type\" content=\"article\" \/>\n<meta property=\"og:title\" content=\"F\u00e1brica de torre de resfriamento\" \/>\n<meta property=\"og:description\" content=\"A&nbsp;f\u00e1brica de torre de resfriamento&nbsp;\u00e9 um fornecedor especializado em equipamentos de alta tecnologia para dissipa\u00e7\u00e3o t\u00e9rmica pelo processo evaporativo. Essas empresas projetam, fabricam, instalam e realizam manuten\u00e7\u00e3o de torres de resfriamento de \u00e1gua de diversos tipos. Algumas das torres mais comuns produzidas para o mercado industrial s\u00e3o as torres de resfriamento de fibra de vidro, [&hellip;]\" \/>\n<meta property=\"og:url\" content=\"https:\/\/www.alfaterm.com.br\/en\/informacoes\/fabrica-torre-resfriamento\/\" \/>\n<meta property=\"og:site_name\" content=\"Bem-vindo \u00e0 ALFATERM\" \/>\n<meta property=\"article:modified_time\" content=\"2024-09-08T14:21:12+00:00\" \/>\n<meta property=\"og:image\" content=\"https:\/\/www.alfaterm.com.br\/wp-content\/uploads\/2024\/09\/fabrica-torre-resfriamento.webp\" \/>\n\t<meta property=\"og:image:width\" content=\"699\" \/>\n\t<meta property=\"og:image:height\" content=\"625\" \/>\n\t<meta property=\"og:image:type\" content=\"image\/webp\" \/>\n<meta name=\"twitter:card\" content=\"summary_large_image\" \/>\n<meta name=\"twitter:label1\" content=\"Est. reading time\" \/>\n\t<meta name=\"twitter:data1\" content=\"2 minutes\" \/>\n<script type=\"application\/ld+json\" class=\"yoast-schema-graph\">{\"@context\":\"https:\/\/schema.org\",\"@graph\":[{\"@type\":\"WebPage\",\"@id\":\"https:\/\/www.alfaterm.com.br\/informacoes\/fabrica-torre-resfriamento\/\",\"url\":\"https:\/\/www.alfaterm.com.br\/informacoes\/fabrica-torre-resfriamento\/\",\"name\":\"F\u00e1brica de torre de resfriamento - Bem-vindo \u00e0 ALFATERM\",\"isPartOf\":{\"@id\":\"https:\/\/www.alfaterm.com.br\/#website\"},\"primaryImageOfPage\":{\"@id\":\"https:\/\/www.alfaterm.com.br\/informacoes\/fabrica-torre-resfriamento\/#primaryimage\"},\"image\":{\"@id\":\"https:\/\/www.alfaterm.com.br\/informacoes\/fabrica-torre-resfriamento\/#primaryimage\"},\"thumbnailUrl\":\"https:\/\/www.alfaterm.com.br\/wp-content\/uploads\/2024\/09\/fabrica-torre-resfriamento.webp\",\"datePublished\":\"2024-09-02T10:57:40+00:00\",\"dateModified\":\"2024-09-08T14:21:12+00:00\",\"breadcrumb\":{\"@id\":\"https:\/\/www.alfaterm.com.br\/informacoes\/fabrica-torre-resfriamento\/#breadcrumb\"},\"inLanguage\":\"en-US\",\"potentialAction\":[{\"@type\":\"ReadAction\",\"target\":[\"https:\/\/www.alfaterm.com.br\/informacoes\/fabrica-torre-resfriamento\/\"]}]},{\"@type\":\"ImageObject\",\"inLanguage\":\"en-US\",\"@id\":\"https:\/\/www.alfaterm.com.br\/informacoes\/fabrica-torre-resfriamento\/#primaryimage\",\"url\":\"https:\/\/www.alfaterm.com.br\/wp-content\/uploads\/2024\/09\/fabrica-torre-resfriamento.webp\",\"contentUrl\":\"https:\/\/www.alfaterm.com.br\/wp-content\/uploads\/2024\/09\/fabrica-torre-resfriamento.webp\",\"width\":699,\"height\":625},{\"@type\":\"BreadcrumbList\",\"@id\":\"https:\/\/www.alfaterm.com.br\/informacoes\/fabrica-torre-resfriamento\/#breadcrumb\",\"itemListElement\":[{\"@type\":\"ListItem\",\"position\":1,\"name\":\"Home\",\"item\":\"https:\/\/www.alfaterm.com.br\/\"},{\"@type\":\"ListItem\",\"position\":2,\"name\":\"Informa\u00e7\u00f5es\",\"item\":\"https:\/\/www.alfaterm.com.br\/informacoes\/\"},{\"@type\":\"ListItem\",\"position\":3,\"name\":\"F\u00e1brica de torre de resfriamento\"}]},{\"@type\":\"WebSite\",\"@id\":\"https:\/\/www.alfaterm.com.br\/#website\",\"url\":\"https:\/\/www.alfaterm.com.br\/\",\"name\":\"Bem-vindo \u00e0 ALFATERM\",\"description\":\"\",\"publisher\":{\"@id\":\"https:\/\/www.alfaterm.com.br\/#organization\"},\"potentialAction\":[{\"@type\":\"SearchAction\",\"target\":{\"@type\":\"EntryPoint\",\"urlTemplate\":\"https:\/\/www.alfaterm.com.br\/?s={search_term_string}\"},\"query-input\":{\"@type\":\"PropertyValueSpecification\",\"valueRequired\":true,\"valueName\":\"search_term_string\"}}],\"inLanguage\":\"en-US\"},{\"@type\":\"Organization\",\"@id\":\"https:\/\/www.alfaterm.com.br\/#organization\",\"name\":\"Bem-vindo \u00e0 ALFATERM\",\"url\":\"https:\/\/www.alfaterm.com.br\/\",\"logo\":{\"@type\":\"ImageObject\",\"inLanguage\":\"en-US\",\"@id\":\"https:\/\/www.alfaterm.com.br\/#\/schema\/logo\/image\/\",\"url\":\"https:\/\/www.alfaterm.com.br\/wp-content\/uploads\/2024\/07\/logo-alfaterm.png\",\"contentUrl\":\"https:\/\/www.alfaterm.com.br\/wp-content\/uploads\/2024\/07\/logo-alfaterm.png\",\"width\":393,\"height\":45,\"caption\":\"Bem-vindo \u00e0 ALFATERM\"},\"image\":{\"@id\":\"https:\/\/www.alfaterm.com.br\/#\/schema\/logo\/image\/\"}}]}<\/script>\n<!-- \/ Yoast SEO Premium plugin. -->","yoast_head_json":{"title":"F\u00e1brica de torre de resfriamento - Bem-vindo \u00e0 ALFATERM","robots":{"index":"index","follow":"follow","max-snippet":"max-snippet:-1","max-image-preview":"max-image-preview:large","max-video-preview":"max-video-preview:-1"},"canonical":"https:\/\/www.alfaterm.com.br\/en\/informacoes\/fabrica-torre-resfriamento\/","og_locale":"en_US","og_type":"article","og_title":"F\u00e1brica de torre de resfriamento","og_description":"A&nbsp;f\u00e1brica de torre de resfriamento&nbsp;\u00e9 um fornecedor especializado em equipamentos de alta tecnologia para dissipa\u00e7\u00e3o t\u00e9rmica pelo processo evaporativo. Essas empresas projetam, fabricam, instalam e realizam manuten\u00e7\u00e3o de torres de resfriamento de \u00e1gua de diversos tipos. Algumas das torres mais comuns produzidas para o mercado industrial s\u00e3o as torres de resfriamento de fibra de vidro, [&hellip;]","og_url":"https:\/\/www.alfaterm.com.br\/en\/informacoes\/fabrica-torre-resfriamento\/","og_site_name":"Bem-vindo \u00e0 ALFATERM","article_modified_time":"2024-09-08T14:21:12+00:00","og_image":[{"width":699,"height":625,"url":"https:\/\/www.alfaterm.com.br\/wp-content\/uploads\/2024\/09\/fabrica-torre-resfriamento.webp","type":"image\/webp"}],"twitter_card":"summary_large_image","twitter_misc":{"Est. reading time":"2 minutes"},"schema":{"@context":"https:\/\/schema.org","@graph":[{"@type":"WebPage","@id":"https:\/\/www.alfaterm.com.br\/informacoes\/fabrica-torre-resfriamento\/","url":"https:\/\/www.alfaterm.com.br\/informacoes\/fabrica-torre-resfriamento\/","name":"F\u00e1brica de torre de resfriamento - Bem-vindo \u00e0 ALFATERM","isPartOf":{"@id":"https:\/\/www.alfaterm.com.br\/#website"},"primaryImageOfPage":{"@id":"https:\/\/www.alfaterm.com.br\/informacoes\/fabrica-torre-resfriamento\/#primaryimage"},"image":{"@id":"https:\/\/www.alfaterm.com.br\/informacoes\/fabrica-torre-resfriamento\/#primaryimage"},"thumbnailUrl":"https:\/\/www.alfaterm.com.br\/wp-content\/uploads\/2024\/09\/fabrica-torre-resfriamento.webp","datePublished":"2024-09-02T10:57:40+00:00","dateModified":"2024-09-08T14:21:12+00:00","breadcrumb":{"@id":"https:\/\/www.alfaterm.com.br\/informacoes\/fabrica-torre-resfriamento\/#breadcrumb"},"inLanguage":"en-US","potentialAction":[{"@type":"ReadAction","target":["https:\/\/www.alfaterm.com.br\/informacoes\/fabrica-torre-resfriamento\/"]}]},{"@type":"ImageObject","inLanguage":"en-US","@id":"https:\/\/www.alfaterm.com.br\/informacoes\/fabrica-torre-resfriamento\/#primaryimage","url":"https:\/\/www.alfaterm.com.br\/wp-content\/uploads\/2024\/09\/fabrica-torre-resfriamento.webp","contentUrl":"https:\/\/www.alfaterm.com.br\/wp-content\/uploads\/2024\/09\/fabrica-torre-resfriamento.webp","width":699,"height":625},{"@type":"BreadcrumbList","@id":"https:\/\/www.alfaterm.com.br\/informacoes\/fabrica-torre-resfriamento\/#breadcrumb","itemListElement":[{"@type":"ListItem","position":1,"name":"Home","item":"https:\/\/www.alfaterm.com.br\/"},{"@type":"ListItem","position":2,"name":"Informa\u00e7\u00f5es","item":"https:\/\/www.alfaterm.com.br\/informacoes\/"},{"@type":"ListItem","position":3,"name":"F\u00e1brica de torre de resfriamento"}]},{"@type":"WebSite","@id":"https:\/\/www.alfaterm.com.br\/#website","url":"https:\/\/www.alfaterm.com.br\/","name":"Bem-vindo \u00e0 ALFATERM","description":"","publisher":{"@id":"https:\/\/www.alfaterm.com.br\/#organization"},"potentialAction":[{"@type":"SearchAction","target":{"@type":"EntryPoint","urlTemplate":"https:\/\/www.alfaterm.com.br\/?s={search_term_string}"},"query-input":{"@type":"PropertyValueSpecification","valueRequired":true,"valueName":"search_term_string"}}],"inLanguage":"en-US"},{"@type":"Organization","@id":"https:\/\/www.alfaterm.com.br\/#organization","name":"Bem-vindo \u00e0 ALFATERM","url":"https:\/\/www.alfaterm.com.br\/","logo":{"@type":"ImageObject","inLanguage":"en-US","@id":"https:\/\/www.alfaterm.com.br\/#\/schema\/logo\/image\/","url":"https:\/\/www.alfaterm.com.br\/wp-content\/uploads\/2024\/07\/logo-alfaterm.png","contentUrl":"https:\/\/www.alfaterm.com.br\/wp-content\/uploads\/2024\/07\/logo-alfaterm.png","width":393,"height":45,"caption":"Bem-vindo \u00e0 ALFATERM"},"image":{"@id":"https:\/\/www.alfaterm.com.br\/#\/schema\/logo\/image\/"}}]}},"_links":{"self":[{"href":"https:\/\/www.alfaterm.com.br\/en\/wp-json\/wp\/v2\/pages\/2215","targetHints":{"allow":["GET"]}}],"collection":[{"href":"https:\/\/www.alfaterm.com.br\/en\/wp-json\/wp\/v2\/pages"}],"about":[{"href":"https:\/\/www.alfaterm.com.br\/en\/wp-json\/wp\/v2\/types\/page"}],"author":[{"embeddable":true,"href":"https:\/\/www.alfaterm.com.br\/en\/wp-json\/wp\/v2\/users\/1"}],"replies":[{"embeddable":true,"href":"https:\/\/www.alfaterm.com.br\/en\/wp-json\/wp\/v2\/comments?post=2215"}],"version-history":[{"count":0,"href":"https:\/\/www.alfaterm.com.br\/en\/wp-json\/wp\/v2\/pages\/2215\/revisions"}],"up":[{"embeddable":true,"href":"https:\/\/www.alfaterm.com.br\/en\/wp-json\/wp\/v2\/pages\/2144"}],"wp:featuredmedia":[{"embeddable":true,"href":"https:\/\/www.alfaterm.com.br\/en\/wp-json\/wp\/v2\/media\/2225"}],"wp:attachment":[{"href":"https:\/\/www.alfaterm.com.br\/en\/wp-json\/wp\/v2\/media?parent=2215"}],"curies":[{"name":"wp","href":"https:\/\/api.w.org\/{rel}","templated":true}]}}