{"id":2214,"date":"2024-09-02T07:56:26","date_gmt":"2024-09-02T10:56:26","guid":{"rendered":"https:\/\/www.alfaterm.com.br\/?page_id=2214"},"modified":"2024-09-08T11:21:08","modified_gmt":"2024-09-08T14:21:08","slug":"equipamento-torre-resfriamento","status":"publish","type":"page","link":"https:\/\/www.alfaterm.com.br\/en\/informacoes\/equipamento-torre-resfriamento\/","title":{"rendered":"Equipamento torre de resfriamento"},"content":{"rendered":"<p>O&nbsp;equipamento torre de resfriamento&nbsp;\u00e9 utilizado para procedimentos de rejei\u00e7\u00e3o de calor em grandes quantidades de massas de \u00e1gua. Ele \u00e9 muito usado nos processos industriais e em usinas de a\u00e7\u00facar e \u00e1lcool, j\u00e1 que tem uma efic\u00e1cia comprovada na atividade de refrigera\u00e7\u00e3o e, al\u00e9m disso, contribui para a redu\u00e7\u00e3o do consumo de energia el\u00e9trica.<\/p>\n\n\n\n<p>O&nbsp;equipamento torre de resfriamento&nbsp;pode ser aplicado em m\u00e1quinas com tiragem de ar aspiradas (ASP), insuflamento (INS), corrente cruzada ou contra corrente e projetado com dimens\u00f5es espec\u00edficas para qualquer tipo de instala\u00e7\u00e3o, mesmo em procedimentos que necessitam de uma grande \u00e1rea de contato entre as correntes. Devido \u00e0 sua efici\u00eancia e a diversidade de aplica\u00e7\u00f5es, o&nbsp;equipamento torre de resfriamento&nbsp;\u00e9 um dos mais procurados no mercado.<\/p>\n\n\n\n<h2 class=\"wp-block-heading\">CARACTER\u00cdSTICAS E COMPONENTES DO EQUIPAMENTO TORRE DE RESFRIAMENTO<\/h2>\n\n\n\n<p>O&nbsp;equipamento torre de resfriamento&nbsp;\u00e9 fabricado com materiais de \u00f3tima proced\u00eancia, que garantem a durabilidade e a resist\u00eancia da m\u00e1quina. Assim, ele tem prote\u00e7\u00e3o contra grandes varia\u00e7\u00f5es de temperatura, choques mec\u00e2nicos e corros\u00e3o. Outra caracter\u00edstica do&nbsp;equipamento torre de resfriamento&nbsp;\u00e9 o seu eficiente sistema de distribui\u00e7\u00e3o de \u00e1gua, com a\u00e7\u00e3o pela gravidade (por meio de canais abertos em PRFV ou a\u00e7o), ou por pressuriza\u00e7\u00e3o (atrav\u00e9s de tubos de PVC ou PRFV).<\/p>\n\n\n\n<p>A carca\u00e7a do&nbsp;equipamento torre de resfriamento&nbsp;\u00e9 autoportante em PRFV, com acabamento na cor cinza prata 2026. A bacia da m\u00e1quina \u00e9 projetada para suportar o volume de \u00e1gua do sistema hidr\u00e1ulico, com total efici\u00eancia e resist\u00eancia. Entre outros componentes da torre, destacam-se:Ventiladores; Eliminadores de gotas; Enchimentos de contato.<\/p>\n\n\n\n<h2 class=\"wp-block-heading\">AS MELHORES TORRES DE RESFRIAMENTO COM A ALFATERM IND\u00daSTRIA E COM\u00c9RCIO LTDA.<\/h2>\n\n\n\n<p>A ALFATERM Ind\u00fastria e Com\u00e9rcio Ltda. \u00e9 especialista na fabrica\u00e7\u00e3o do&nbsp;equipamento torre de resfriamento&nbsp;e demais m\u00e1quinas para usinas de a\u00e7\u00facar e \u00e1lcool. A empresa \u00e9 reconhecida pela excel\u00eancia de seus produtos e pelas \u00f3timas condi\u00e7\u00f5es de pagamento, com atua\u00e7\u00e3o em todo o territ\u00f3rio nacional, Am\u00e9rica Latina e Am\u00e9rica Central. Al\u00e9m disso, a ALFATERM Ind\u00fastria e Com\u00e9rcio Ltda. tamb\u00e9m se destaca com solu\u00e7\u00f5es inteligentes e personalizadas, que se adaptam aos mais diversos tipos de aplica\u00e7\u00e3o. Dessa forma, a empresa se mant\u00e9m com anos no mercado, zelando pelo melhor atendimento para cada um de seus clientes.<\/p>\n\n\n\n<h2 class=\"wp-block-heading\">Para saber mais sobre Assist\u00eancia t\u00e9cnica em torres de resfriar<\/h2>\n\n\n\n<p>Ligue para&nbsp;<strong>11 4156-8930<\/strong>&nbsp;ou&nbsp;<a href=\"https:\/\/www.alfaterm.com.br\/en\/contact\/\">clique aqui<\/a>&nbsp;e entre em contato por email.<\/p>","protected":false},"excerpt":{"rendered":"<p>O&nbsp;equipamento torre de resfriamento&nbsp;\u00e9 utilizado para procedimentos de rejei\u00e7\u00e3o de calor em grandes quantidades de massas de \u00e1gua. Ele \u00e9 muito usado nos processos industriais e em usinas de a\u00e7\u00facar e \u00e1lcool, j\u00e1 que tem uma efic\u00e1cia comprovada na atividade de refrigera\u00e7\u00e3o e, al\u00e9m disso, contribui para a redu\u00e7\u00e3o do consumo de energia el\u00e9trica. O&nbsp;equipamento [&hellip;]<\/p>","protected":false},"author":1,"featured_media":2226,"parent":2144,"menu_order":0,"comment_status":"closed","ping_status":"closed","template":"","meta":{"_acf_changed":false,"_joinchat":[],"footnotes":""},"class_list":["post-2214","page","type-page","status-publish","has-post-thumbnail","hentry"],"acf":[],"yoast_head":"<!-- This site is optimized with the Yoast SEO Premium plugin v23.4 (Yoast SEO v27.1.1) - https:\/\/yoast.com\/product\/yoast-seo-premium-wordpress\/ -->\n<title>Equipamento torre de resfriamento - Bem-vindo \u00e0 ALFATERM<\/title>\n<meta name=\"robots\" content=\"index, follow, max-snippet:-1, max-image-preview:large, max-video-preview:-1\" \/>\n<link rel=\"canonical\" href=\"https:\/\/www.alfaterm.com.br\/en\/informacoes\/equipamento-torre-resfriamento\/\" \/>\n<meta property=\"og:locale\" content=\"en_US\" \/>\n<meta property=\"og:type\" content=\"article\" \/>\n<meta property=\"og:title\" content=\"Equipamento torre de resfriamento\" \/>\n<meta property=\"og:description\" content=\"O&nbsp;equipamento torre de resfriamento&nbsp;\u00e9 utilizado para procedimentos de rejei\u00e7\u00e3o de calor em grandes quantidades de massas de \u00e1gua. Ele \u00e9 muito usado nos processos industriais e em usinas de a\u00e7\u00facar e \u00e1lcool, j\u00e1 que tem uma efic\u00e1cia comprovada na atividade de refrigera\u00e7\u00e3o e, al\u00e9m disso, contribui para a redu\u00e7\u00e3o do consumo de energia el\u00e9trica. O&nbsp;equipamento [&hellip;]\" \/>\n<meta property=\"og:url\" content=\"https:\/\/www.alfaterm.com.br\/en\/informacoes\/equipamento-torre-resfriamento\/\" \/>\n<meta property=\"og:site_name\" content=\"Bem-vindo \u00e0 ALFATERM\" \/>\n<meta property=\"article:modified_time\" content=\"2024-09-08T14:21:08+00:00\" \/>\n<meta property=\"og:image\" content=\"https:\/\/www.alfaterm.com.br\/wp-content\/uploads\/2024\/09\/equipamento-torre-resfriamento.webp\" \/>\n\t<meta property=\"og:image:width\" content=\"269\" \/>\n\t<meta property=\"og:image:height\" content=\"232\" \/>\n\t<meta property=\"og:image:type\" content=\"image\/webp\" \/>\n<meta name=\"twitter:card\" content=\"summary_large_image\" \/>\n<meta name=\"twitter:label1\" content=\"Est. reading time\" \/>\n\t<meta name=\"twitter:data1\" content=\"2 minutes\" \/>\n<script type=\"application\/ld+json\" class=\"yoast-schema-graph\">{\"@context\":\"https:\/\/schema.org\",\"@graph\":[{\"@type\":\"WebPage\",\"@id\":\"https:\/\/www.alfaterm.com.br\/informacoes\/equipamento-torre-resfriamento\/\",\"url\":\"https:\/\/www.alfaterm.com.br\/informacoes\/equipamento-torre-resfriamento\/\",\"name\":\"Equipamento torre de resfriamento - Bem-vindo \u00e0 ALFATERM\",\"isPartOf\":{\"@id\":\"https:\/\/www.alfaterm.com.br\/#website\"},\"primaryImageOfPage\":{\"@id\":\"https:\/\/www.alfaterm.com.br\/informacoes\/equipamento-torre-resfriamento\/#primaryimage\"},\"image\":{\"@id\":\"https:\/\/www.alfaterm.com.br\/informacoes\/equipamento-torre-resfriamento\/#primaryimage\"},\"thumbnailUrl\":\"https:\/\/www.alfaterm.com.br\/wp-content\/uploads\/2024\/09\/equipamento-torre-resfriamento.webp\",\"datePublished\":\"2024-09-02T10:56:26+00:00\",\"dateModified\":\"2024-09-08T14:21:08+00:00\",\"breadcrumb\":{\"@id\":\"https:\/\/www.alfaterm.com.br\/informacoes\/equipamento-torre-resfriamento\/#breadcrumb\"},\"inLanguage\":\"en-US\",\"potentialAction\":[{\"@type\":\"ReadAction\",\"target\":[\"https:\/\/www.alfaterm.com.br\/informacoes\/equipamento-torre-resfriamento\/\"]}]},{\"@type\":\"ImageObject\",\"inLanguage\":\"en-US\",\"@id\":\"https:\/\/www.alfaterm.com.br\/informacoes\/equipamento-torre-resfriamento\/#primaryimage\",\"url\":\"https:\/\/www.alfaterm.com.br\/wp-content\/uploads\/2024\/09\/equipamento-torre-resfriamento.webp\",\"contentUrl\":\"https:\/\/www.alfaterm.com.br\/wp-content\/uploads\/2024\/09\/equipamento-torre-resfriamento.webp\",\"width\":269,\"height\":232},{\"@type\":\"BreadcrumbList\",\"@id\":\"https:\/\/www.alfaterm.com.br\/informacoes\/equipamento-torre-resfriamento\/#breadcrumb\",\"itemListElement\":[{\"@type\":\"ListItem\",\"position\":1,\"name\":\"Home\",\"item\":\"https:\/\/www.alfaterm.com.br\/\"},{\"@type\":\"ListItem\",\"position\":2,\"name\":\"Informa\u00e7\u00f5es\",\"item\":\"https:\/\/www.alfaterm.com.br\/informacoes\/\"},{\"@type\":\"ListItem\",\"position\":3,\"name\":\"Equipamento torre de resfriamento\"}]},{\"@type\":\"WebSite\",\"@id\":\"https:\/\/www.alfaterm.com.br\/#website\",\"url\":\"https:\/\/www.alfaterm.com.br\/\",\"name\":\"Bem-vindo \u00e0 ALFATERM\",\"description\":\"\",\"publisher\":{\"@id\":\"https:\/\/www.alfaterm.com.br\/#organization\"},\"potentialAction\":[{\"@type\":\"SearchAction\",\"target\":{\"@type\":\"EntryPoint\",\"urlTemplate\":\"https:\/\/www.alfaterm.com.br\/?s={search_term_string}\"},\"query-input\":{\"@type\":\"PropertyValueSpecification\",\"valueRequired\":true,\"valueName\":\"search_term_string\"}}],\"inLanguage\":\"en-US\"},{\"@type\":\"Organization\",\"@id\":\"https:\/\/www.alfaterm.com.br\/#organization\",\"name\":\"Bem-vindo \u00e0 ALFATERM\",\"url\":\"https:\/\/www.alfaterm.com.br\/\",\"logo\":{\"@type\":\"ImageObject\",\"inLanguage\":\"en-US\",\"@id\":\"https:\/\/www.alfaterm.com.br\/#\/schema\/logo\/image\/\",\"url\":\"https:\/\/www.alfaterm.com.br\/wp-content\/uploads\/2024\/07\/logo-alfaterm.png\",\"contentUrl\":\"https:\/\/www.alfaterm.com.br\/wp-content\/uploads\/2024\/07\/logo-alfaterm.png\",\"width\":393,\"height\":45,\"caption\":\"Bem-vindo \u00e0 ALFATERM\"},\"image\":{\"@id\":\"https:\/\/www.alfaterm.com.br\/#\/schema\/logo\/image\/\"}}]}<\/script>\n<!-- \/ Yoast SEO Premium plugin. -->","yoast_head_json":{"title":"Equipamento torre de resfriamento - Bem-vindo \u00e0 ALFATERM","robots":{"index":"index","follow":"follow","max-snippet":"max-snippet:-1","max-image-preview":"max-image-preview:large","max-video-preview":"max-video-preview:-1"},"canonical":"https:\/\/www.alfaterm.com.br\/en\/informacoes\/equipamento-torre-resfriamento\/","og_locale":"en_US","og_type":"article","og_title":"Equipamento torre de resfriamento","og_description":"O&nbsp;equipamento torre de resfriamento&nbsp;\u00e9 utilizado para procedimentos de rejei\u00e7\u00e3o de calor em grandes quantidades de massas de \u00e1gua. Ele \u00e9 muito usado nos processos industriais e em usinas de a\u00e7\u00facar e \u00e1lcool, j\u00e1 que tem uma efic\u00e1cia comprovada na atividade de refrigera\u00e7\u00e3o e, al\u00e9m disso, contribui para a redu\u00e7\u00e3o do consumo de energia el\u00e9trica. O&nbsp;equipamento [&hellip;]","og_url":"https:\/\/www.alfaterm.com.br\/en\/informacoes\/equipamento-torre-resfriamento\/","og_site_name":"Bem-vindo \u00e0 ALFATERM","article_modified_time":"2024-09-08T14:21:08+00:00","og_image":[{"width":269,"height":232,"url":"https:\/\/www.alfaterm.com.br\/wp-content\/uploads\/2024\/09\/equipamento-torre-resfriamento.webp","type":"image\/webp"}],"twitter_card":"summary_large_image","twitter_misc":{"Est. reading time":"2 minutes"},"schema":{"@context":"https:\/\/schema.org","@graph":[{"@type":"WebPage","@id":"https:\/\/www.alfaterm.com.br\/informacoes\/equipamento-torre-resfriamento\/","url":"https:\/\/www.alfaterm.com.br\/informacoes\/equipamento-torre-resfriamento\/","name":"Equipamento torre de resfriamento - Bem-vindo \u00e0 ALFATERM","isPartOf":{"@id":"https:\/\/www.alfaterm.com.br\/#website"},"primaryImageOfPage":{"@id":"https:\/\/www.alfaterm.com.br\/informacoes\/equipamento-torre-resfriamento\/#primaryimage"},"image":{"@id":"https:\/\/www.alfaterm.com.br\/informacoes\/equipamento-torre-resfriamento\/#primaryimage"},"thumbnailUrl":"https:\/\/www.alfaterm.com.br\/wp-content\/uploads\/2024\/09\/equipamento-torre-resfriamento.webp","datePublished":"2024-09-02T10:56:26+00:00","dateModified":"2024-09-08T14:21:08+00:00","breadcrumb":{"@id":"https:\/\/www.alfaterm.com.br\/informacoes\/equipamento-torre-resfriamento\/#breadcrumb"},"inLanguage":"en-US","potentialAction":[{"@type":"ReadAction","target":["https:\/\/www.alfaterm.com.br\/informacoes\/equipamento-torre-resfriamento\/"]}]},{"@type":"ImageObject","inLanguage":"en-US","@id":"https:\/\/www.alfaterm.com.br\/informacoes\/equipamento-torre-resfriamento\/#primaryimage","url":"https:\/\/www.alfaterm.com.br\/wp-content\/uploads\/2024\/09\/equipamento-torre-resfriamento.webp","contentUrl":"https:\/\/www.alfaterm.com.br\/wp-content\/uploads\/2024\/09\/equipamento-torre-resfriamento.webp","width":269,"height":232},{"@type":"BreadcrumbList","@id":"https:\/\/www.alfaterm.com.br\/informacoes\/equipamento-torre-resfriamento\/#breadcrumb","itemListElement":[{"@type":"ListItem","position":1,"name":"Home","item":"https:\/\/www.alfaterm.com.br\/"},{"@type":"ListItem","position":2,"name":"Informa\u00e7\u00f5es","item":"https:\/\/www.alfaterm.com.br\/informacoes\/"},{"@type":"ListItem","position":3,"name":"Equipamento torre de resfriamento"}]},{"@type":"WebSite","@id":"https:\/\/www.alfaterm.com.br\/#website","url":"https:\/\/www.alfaterm.com.br\/","name":"Bem-vindo \u00e0 ALFATERM","description":"","publisher":{"@id":"https:\/\/www.alfaterm.com.br\/#organization"},"potentialAction":[{"@type":"SearchAction","target":{"@type":"EntryPoint","urlTemplate":"https:\/\/www.alfaterm.com.br\/?s={search_term_string}"},"query-input":{"@type":"PropertyValueSpecification","valueRequired":true,"valueName":"search_term_string"}}],"inLanguage":"en-US"},{"@type":"Organization","@id":"https:\/\/www.alfaterm.com.br\/#organization","name":"Bem-vindo \u00e0 ALFATERM","url":"https:\/\/www.alfaterm.com.br\/","logo":{"@type":"ImageObject","inLanguage":"en-US","@id":"https:\/\/www.alfaterm.com.br\/#\/schema\/logo\/image\/","url":"https:\/\/www.alfaterm.com.br\/wp-content\/uploads\/2024\/07\/logo-alfaterm.png","contentUrl":"https:\/\/www.alfaterm.com.br\/wp-content\/uploads\/2024\/07\/logo-alfaterm.png","width":393,"height":45,"caption":"Bem-vindo \u00e0 ALFATERM"},"image":{"@id":"https:\/\/www.alfaterm.com.br\/#\/schema\/logo\/image\/"}}]}},"_links":{"self":[{"href":"https:\/\/www.alfaterm.com.br\/en\/wp-json\/wp\/v2\/pages\/2214","targetHints":{"allow":["GET"]}}],"collection":[{"href":"https:\/\/www.alfaterm.com.br\/en\/wp-json\/wp\/v2\/pages"}],"about":[{"href":"https:\/\/www.alfaterm.com.br\/en\/wp-json\/wp\/v2\/types\/page"}],"author":[{"embeddable":true,"href":"https:\/\/www.alfaterm.com.br\/en\/wp-json\/wp\/v2\/users\/1"}],"replies":[{"embeddable":true,"href":"https:\/\/www.alfaterm.com.br\/en\/wp-json\/wp\/v2\/comments?post=2214"}],"version-history":[{"count":0,"href":"https:\/\/www.alfaterm.com.br\/en\/wp-json\/wp\/v2\/pages\/2214\/revisions"}],"up":[{"embeddable":true,"href":"https:\/\/www.alfaterm.com.br\/en\/wp-json\/wp\/v2\/pages\/2144"}],"wp:featuredmedia":[{"embeddable":true,"href":"https:\/\/www.alfaterm.com.br\/en\/wp-json\/wp\/v2\/media\/2226"}],"wp:attachment":[{"href":"https:\/\/www.alfaterm.com.br\/en\/wp-json\/wp\/v2\/media?parent=2214"}],"curies":[{"name":"wp","href":"https:\/\/api.w.org\/{rel}","templated":true}]}}