{"id":2211,"date":"2024-09-02T07:54:50","date_gmt":"2024-09-02T10:54:50","guid":{"rendered":"https:\/\/www.alfaterm.com.br\/?page_id=2211"},"modified":"2024-09-08T11:20:35","modified_gmt":"2024-09-08T14:20:35","slug":"comercio-torre-resfriamento","status":"publish","type":"page","link":"https:\/\/www.alfaterm.com.br\/en\/informacoes\/comercio-torre-resfriamento\/","title":{"rendered":"Com\u00e9rcio de torre de resfriamento"},"content":{"rendered":"<p>O&nbsp;com\u00e9rcio de torre de resfriamento&nbsp;\u00e9 fundamental para processos industriais de diversos segmentos. As torres de resfriamento de \u00e1gua s\u00e3o tanques que t\u00eam como principal fun\u00e7\u00e3o a remo\u00e7\u00e3o do calor de fluidos da ind\u00fastria, por meio da dissipa\u00e7\u00e3o t\u00e9rmica pelo processo evaporativo.<\/p>\n\n\n\n<p>Existem diversos tipos de torres de resfriamento dispon\u00edveis no mercado, de acordo com a aplica\u00e7\u00e3o desejada. Empresas especializadas nesse tipo de estrutura oferecem solu\u00e7\u00f5es completas em fabrica\u00e7\u00e3o, instala\u00e7\u00e3o e manuten\u00e7\u00e3o de torres de resfriamento para os mais variados setores.<\/p>\n\n\n\n<h2 class=\"wp-block-heading\">OP\u00c7\u00d5ES OFERECIDAS NO COM\u00c9RCIO DE TORRE DE RESFRIAMENTO<\/h2>\n\n\n\n<p>S\u00e3o v\u00e1rias as op\u00e7\u00f5es de estruturas oferecidas no&nbsp;com\u00e9rcio de torre de resfriamento&nbsp;para o mercado industrial. Alguns dos principais tipos de torres de resfriamento s\u00e3o as torres de fibra de vidro, a\u00e7o ou concreto, torres do tipo contra corrente com ventila\u00e7\u00e3o induzida ou for\u00e7ada, torres tipo corrente cruzada e torres de resfriamento de vinha\u00e7a.<\/p>\n\n\n\n<p>Os fabricantes e prestadores de servi\u00e7os do setor tamb\u00e9m oferecem componentes espec\u00edficos para torres de resfriamento, como enchimento de PP\/PVC, barra de respingo, retentor de gotas tipo perfil onda em polipropileno, h\u00e9lices axiais, eixos de transmiss\u00e3o, entre outros produtos.<\/p>\n\n\n\n<h2 class=\"wp-block-heading\">POR QUE OPTAR POR SOLU\u00c7\u00d5ES DO COM\u00c9RCIO DE TORRE DE RESFRIAMENTO<\/h2>\n\n\n\n<p>S\u00e3o muitas as raz\u00f5es para adquirir produtos e servi\u00e7os do&nbsp;com\u00e9rcio de torre de resfriamento. As torres de resfriamento s\u00e3o amplamente utilizadas no mercado devido ao seu excelente desempenho, em setores como refinarias de petr\u00f3leo, usinas de a\u00e7\u00facar e \u00e1lcool, ind\u00fastrias qu\u00edmicas e esta\u00e7\u00f5es de energia e refrigera\u00e7\u00e3o.<\/p>\n\n\n\n<p>S\u00e3o estruturas que aplicam tecnologia de ponta para obter a m\u00e1xima efici\u00eancia t\u00e9rmica e energ\u00e9tica, al\u00e9m de economizarem recursos naturais. Somente fabricantes especializados em torres de resfriamento podem desenvolver modelos personalizados e adequados \u00e0s necessidades de cada cliente, com o melhor custo-benef\u00edcio.<\/p>\n\n\n\n<h2 class=\"wp-block-heading\">ALFATERM IND\u00daSTRIA E COM\u00c9RCIO LTDA.: COM\u00c9RCIO DE TORRE DE RESFRIAMENTO DE ALTA QUALIDADE<\/h2>\n\n\n\n<p>A ALFATERM Ind\u00fastria e Com\u00e9rcio Ltda. \u00e9 uma s\u00f3lida empresa especializada em dissipa\u00e7\u00e3o t\u00e9rmica que se destaca no&nbsp;com\u00e9rcio de torre de resfriamento. A empresa projeta, fabrica, instala e oferece manuten\u00e7\u00e3o para torres de resfriamento de \u00e1gua de alto desempenho.<\/p>\n\n\n\n<p>Suas solu\u00e7\u00f5es incluem torres com tiragem de ar Aspiradas (ASP), Insulflamento (INS), corrente cruzada ou contra corrente, dimensionadas para qualquer aplica\u00e7\u00e3o no mercado industrial. Seus diferenciais s\u00e3o o Sistema Integrado de Gest\u00e3o (SIG), compromisso com a qualidade e atendimento personalizado.<\/p>\n\n\n\n<h2 class=\"wp-block-heading\">Para saber mais sobre Assist\u00eancia t\u00e9cnica em torres de resfriar<\/h2>\n\n\n\n<p>Ligue para&nbsp;<strong>11 4156-8930<\/strong>&nbsp;ou&nbsp;<a href=\"https:\/\/www.alfaterm.com.br\/en\/contact\/\">clique aqui<\/a>&nbsp;e entre em contato por email.<\/p>","protected":false},"excerpt":{"rendered":"<p>O&nbsp;com\u00e9rcio de torre de resfriamento&nbsp;\u00e9 fundamental para processos industriais de diversos segmentos. As torres de resfriamento de \u00e1gua s\u00e3o tanques que t\u00eam como principal fun\u00e7\u00e3o a remo\u00e7\u00e3o do calor de fluidos da ind\u00fastria, por meio da dissipa\u00e7\u00e3o t\u00e9rmica pelo processo evaporativo. Existem diversos tipos de torres de resfriamento dispon\u00edveis no mercado, de acordo com a [&hellip;]<\/p>","protected":false},"author":1,"featured_media":2227,"parent":2144,"menu_order":0,"comment_status":"closed","ping_status":"closed","template":"","meta":{"_acf_changed":false,"_joinchat":[],"footnotes":""},"class_list":["post-2211","page","type-page","status-publish","has-post-thumbnail","hentry"],"acf":[],"yoast_head":"<!-- This site is optimized with the Yoast SEO Premium plugin v23.4 (Yoast SEO v27.1.1) - https:\/\/yoast.com\/product\/yoast-seo-premium-wordpress\/ -->\n<title>Com\u00e9rcio de torre de resfriamento - Bem-vindo \u00e0 ALFATERM<\/title>\n<meta name=\"robots\" content=\"index, follow, max-snippet:-1, max-image-preview:large, max-video-preview:-1\" \/>\n<link rel=\"canonical\" href=\"https:\/\/www.alfaterm.com.br\/en\/informacoes\/comercio-torre-resfriamento\/\" \/>\n<meta property=\"og:locale\" content=\"en_US\" \/>\n<meta property=\"og:type\" content=\"article\" \/>\n<meta property=\"og:title\" content=\"Com\u00e9rcio de torre de resfriamento\" \/>\n<meta property=\"og:description\" content=\"O&nbsp;com\u00e9rcio de torre de resfriamento&nbsp;\u00e9 fundamental para processos industriais de diversos segmentos. As torres de resfriamento de \u00e1gua s\u00e3o tanques que t\u00eam como principal fun\u00e7\u00e3o a remo\u00e7\u00e3o do calor de fluidos da ind\u00fastria, por meio da dissipa\u00e7\u00e3o t\u00e9rmica pelo processo evaporativo. Existem diversos tipos de torres de resfriamento dispon\u00edveis no mercado, de acordo com a [&hellip;]\" \/>\n<meta property=\"og:url\" content=\"https:\/\/www.alfaterm.com.br\/en\/informacoes\/comercio-torre-resfriamento\/\" \/>\n<meta property=\"og:site_name\" content=\"Bem-vindo \u00e0 ALFATERM\" \/>\n<meta property=\"article:modified_time\" content=\"2024-09-08T14:20:35+00:00\" \/>\n<meta property=\"og:image\" content=\"https:\/\/www.alfaterm.com.br\/wp-content\/uploads\/2024\/09\/comercio-torre-resfriamento.webp\" \/>\n\t<meta property=\"og:image:width\" content=\"446\" \/>\n\t<meta property=\"og:image:height\" content=\"793\" \/>\n\t<meta property=\"og:image:type\" content=\"image\/webp\" \/>\n<meta name=\"twitter:card\" content=\"summary_large_image\" \/>\n<meta name=\"twitter:label1\" content=\"Est. reading time\" \/>\n\t<meta name=\"twitter:data1\" content=\"2 minutes\" \/>\n<script type=\"application\/ld+json\" class=\"yoast-schema-graph\">{\"@context\":\"https:\/\/schema.org\",\"@graph\":[{\"@type\":\"WebPage\",\"@id\":\"https:\/\/www.alfaterm.com.br\/informacoes\/comercio-torre-resfriamento\/\",\"url\":\"https:\/\/www.alfaterm.com.br\/informacoes\/comercio-torre-resfriamento\/\",\"name\":\"Com\u00e9rcio de torre de resfriamento - Bem-vindo \u00e0 ALFATERM\",\"isPartOf\":{\"@id\":\"https:\/\/www.alfaterm.com.br\/#website\"},\"primaryImageOfPage\":{\"@id\":\"https:\/\/www.alfaterm.com.br\/informacoes\/comercio-torre-resfriamento\/#primaryimage\"},\"image\":{\"@id\":\"https:\/\/www.alfaterm.com.br\/informacoes\/comercio-torre-resfriamento\/#primaryimage\"},\"thumbnailUrl\":\"https:\/\/www.alfaterm.com.br\/wp-content\/uploads\/2024\/09\/comercio-torre-resfriamento.webp\",\"datePublished\":\"2024-09-02T10:54:50+00:00\",\"dateModified\":\"2024-09-08T14:20:35+00:00\",\"breadcrumb\":{\"@id\":\"https:\/\/www.alfaterm.com.br\/informacoes\/comercio-torre-resfriamento\/#breadcrumb\"},\"inLanguage\":\"en-US\",\"potentialAction\":[{\"@type\":\"ReadAction\",\"target\":[\"https:\/\/www.alfaterm.com.br\/informacoes\/comercio-torre-resfriamento\/\"]}]},{\"@type\":\"ImageObject\",\"inLanguage\":\"en-US\",\"@id\":\"https:\/\/www.alfaterm.com.br\/informacoes\/comercio-torre-resfriamento\/#primaryimage\",\"url\":\"https:\/\/www.alfaterm.com.br\/wp-content\/uploads\/2024\/09\/comercio-torre-resfriamento.webp\",\"contentUrl\":\"https:\/\/www.alfaterm.com.br\/wp-content\/uploads\/2024\/09\/comercio-torre-resfriamento.webp\",\"width\":446,\"height\":793},{\"@type\":\"BreadcrumbList\",\"@id\":\"https:\/\/www.alfaterm.com.br\/informacoes\/comercio-torre-resfriamento\/#breadcrumb\",\"itemListElement\":[{\"@type\":\"ListItem\",\"position\":1,\"name\":\"Home\",\"item\":\"https:\/\/www.alfaterm.com.br\/\"},{\"@type\":\"ListItem\",\"position\":2,\"name\":\"Informa\u00e7\u00f5es\",\"item\":\"https:\/\/www.alfaterm.com.br\/informacoes\/\"},{\"@type\":\"ListItem\",\"position\":3,\"name\":\"Com\u00e9rcio de torre de resfriamento\"}]},{\"@type\":\"WebSite\",\"@id\":\"https:\/\/www.alfaterm.com.br\/#website\",\"url\":\"https:\/\/www.alfaterm.com.br\/\",\"name\":\"Bem-vindo \u00e0 ALFATERM\",\"description\":\"\",\"publisher\":{\"@id\":\"https:\/\/www.alfaterm.com.br\/#organization\"},\"potentialAction\":[{\"@type\":\"SearchAction\",\"target\":{\"@type\":\"EntryPoint\",\"urlTemplate\":\"https:\/\/www.alfaterm.com.br\/?s={search_term_string}\"},\"query-input\":{\"@type\":\"PropertyValueSpecification\",\"valueRequired\":true,\"valueName\":\"search_term_string\"}}],\"inLanguage\":\"en-US\"},{\"@type\":\"Organization\",\"@id\":\"https:\/\/www.alfaterm.com.br\/#organization\",\"name\":\"Bem-vindo \u00e0 ALFATERM\",\"url\":\"https:\/\/www.alfaterm.com.br\/\",\"logo\":{\"@type\":\"ImageObject\",\"inLanguage\":\"en-US\",\"@id\":\"https:\/\/www.alfaterm.com.br\/#\/schema\/logo\/image\/\",\"url\":\"https:\/\/www.alfaterm.com.br\/wp-content\/uploads\/2024\/07\/logo-alfaterm.png\",\"contentUrl\":\"https:\/\/www.alfaterm.com.br\/wp-content\/uploads\/2024\/07\/logo-alfaterm.png\",\"width\":393,\"height\":45,\"caption\":\"Bem-vindo \u00e0 ALFATERM\"},\"image\":{\"@id\":\"https:\/\/www.alfaterm.com.br\/#\/schema\/logo\/image\/\"}}]}<\/script>\n<!-- \/ Yoast SEO Premium plugin. -->","yoast_head_json":{"title":"Com\u00e9rcio de torre de resfriamento - Bem-vindo \u00e0 ALFATERM","robots":{"index":"index","follow":"follow","max-snippet":"max-snippet:-1","max-image-preview":"max-image-preview:large","max-video-preview":"max-video-preview:-1"},"canonical":"https:\/\/www.alfaterm.com.br\/en\/informacoes\/comercio-torre-resfriamento\/","og_locale":"en_US","og_type":"article","og_title":"Com\u00e9rcio de torre de resfriamento","og_description":"O&nbsp;com\u00e9rcio de torre de resfriamento&nbsp;\u00e9 fundamental para processos industriais de diversos segmentos. As torres de resfriamento de \u00e1gua s\u00e3o tanques que t\u00eam como principal fun\u00e7\u00e3o a remo\u00e7\u00e3o do calor de fluidos da ind\u00fastria, por meio da dissipa\u00e7\u00e3o t\u00e9rmica pelo processo evaporativo. Existem diversos tipos de torres de resfriamento dispon\u00edveis no mercado, de acordo com a [&hellip;]","og_url":"https:\/\/www.alfaterm.com.br\/en\/informacoes\/comercio-torre-resfriamento\/","og_site_name":"Bem-vindo \u00e0 ALFATERM","article_modified_time":"2024-09-08T14:20:35+00:00","og_image":[{"width":446,"height":793,"url":"https:\/\/www.alfaterm.com.br\/wp-content\/uploads\/2024\/09\/comercio-torre-resfriamento.webp","type":"image\/webp"}],"twitter_card":"summary_large_image","twitter_misc":{"Est. reading time":"2 minutes"},"schema":{"@context":"https:\/\/schema.org","@graph":[{"@type":"WebPage","@id":"https:\/\/www.alfaterm.com.br\/informacoes\/comercio-torre-resfriamento\/","url":"https:\/\/www.alfaterm.com.br\/informacoes\/comercio-torre-resfriamento\/","name":"Com\u00e9rcio de torre de resfriamento - Bem-vindo \u00e0 ALFATERM","isPartOf":{"@id":"https:\/\/www.alfaterm.com.br\/#website"},"primaryImageOfPage":{"@id":"https:\/\/www.alfaterm.com.br\/informacoes\/comercio-torre-resfriamento\/#primaryimage"},"image":{"@id":"https:\/\/www.alfaterm.com.br\/informacoes\/comercio-torre-resfriamento\/#primaryimage"},"thumbnailUrl":"https:\/\/www.alfaterm.com.br\/wp-content\/uploads\/2024\/09\/comercio-torre-resfriamento.webp","datePublished":"2024-09-02T10:54:50+00:00","dateModified":"2024-09-08T14:20:35+00:00","breadcrumb":{"@id":"https:\/\/www.alfaterm.com.br\/informacoes\/comercio-torre-resfriamento\/#breadcrumb"},"inLanguage":"en-US","potentialAction":[{"@type":"ReadAction","target":["https:\/\/www.alfaterm.com.br\/informacoes\/comercio-torre-resfriamento\/"]}]},{"@type":"ImageObject","inLanguage":"en-US","@id":"https:\/\/www.alfaterm.com.br\/informacoes\/comercio-torre-resfriamento\/#primaryimage","url":"https:\/\/www.alfaterm.com.br\/wp-content\/uploads\/2024\/09\/comercio-torre-resfriamento.webp","contentUrl":"https:\/\/www.alfaterm.com.br\/wp-content\/uploads\/2024\/09\/comercio-torre-resfriamento.webp","width":446,"height":793},{"@type":"BreadcrumbList","@id":"https:\/\/www.alfaterm.com.br\/informacoes\/comercio-torre-resfriamento\/#breadcrumb","itemListElement":[{"@type":"ListItem","position":1,"name":"Home","item":"https:\/\/www.alfaterm.com.br\/"},{"@type":"ListItem","position":2,"name":"Informa\u00e7\u00f5es","item":"https:\/\/www.alfaterm.com.br\/informacoes\/"},{"@type":"ListItem","position":3,"name":"Com\u00e9rcio de torre de resfriamento"}]},{"@type":"WebSite","@id":"https:\/\/www.alfaterm.com.br\/#website","url":"https:\/\/www.alfaterm.com.br\/","name":"Bem-vindo \u00e0 ALFATERM","description":"","publisher":{"@id":"https:\/\/www.alfaterm.com.br\/#organization"},"potentialAction":[{"@type":"SearchAction","target":{"@type":"EntryPoint","urlTemplate":"https:\/\/www.alfaterm.com.br\/?s={search_term_string}"},"query-input":{"@type":"PropertyValueSpecification","valueRequired":true,"valueName":"search_term_string"}}],"inLanguage":"en-US"},{"@type":"Organization","@id":"https:\/\/www.alfaterm.com.br\/#organization","name":"Bem-vindo \u00e0 ALFATERM","url":"https:\/\/www.alfaterm.com.br\/","logo":{"@type":"ImageObject","inLanguage":"en-US","@id":"https:\/\/www.alfaterm.com.br\/#\/schema\/logo\/image\/","url":"https:\/\/www.alfaterm.com.br\/wp-content\/uploads\/2024\/07\/logo-alfaterm.png","contentUrl":"https:\/\/www.alfaterm.com.br\/wp-content\/uploads\/2024\/07\/logo-alfaterm.png","width":393,"height":45,"caption":"Bem-vindo \u00e0 ALFATERM"},"image":{"@id":"https:\/\/www.alfaterm.com.br\/#\/schema\/logo\/image\/"}}]}},"_links":{"self":[{"href":"https:\/\/www.alfaterm.com.br\/en\/wp-json\/wp\/v2\/pages\/2211","targetHints":{"allow":["GET"]}}],"collection":[{"href":"https:\/\/www.alfaterm.com.br\/en\/wp-json\/wp\/v2\/pages"}],"about":[{"href":"https:\/\/www.alfaterm.com.br\/en\/wp-json\/wp\/v2\/types\/page"}],"author":[{"embeddable":true,"href":"https:\/\/www.alfaterm.com.br\/en\/wp-json\/wp\/v2\/users\/1"}],"replies":[{"embeddable":true,"href":"https:\/\/www.alfaterm.com.br\/en\/wp-json\/wp\/v2\/comments?post=2211"}],"version-history":[{"count":0,"href":"https:\/\/www.alfaterm.com.br\/en\/wp-json\/wp\/v2\/pages\/2211\/revisions"}],"up":[{"embeddable":true,"href":"https:\/\/www.alfaterm.com.br\/en\/wp-json\/wp\/v2\/pages\/2144"}],"wp:featuredmedia":[{"embeddable":true,"href":"https:\/\/www.alfaterm.com.br\/en\/wp-json\/wp\/v2\/media\/2227"}],"wp:attachment":[{"href":"https:\/\/www.alfaterm.com.br\/en\/wp-json\/wp\/v2\/media?parent=2211"}],"curies":[{"name":"wp","href":"https:\/\/api.w.org\/{rel}","templated":true}]}}