{"id":2195,"date":"2024-09-02T07:46:11","date_gmt":"2024-09-02T10:46:11","guid":{"rendered":"https:\/\/www.alfaterm.com.br\/?page_id=2195"},"modified":"2024-09-08T11:19:59","modified_gmt":"2024-09-08T14:19:59","slug":"boia-torre-resfriamento","status":"publish","type":"page","link":"https:\/\/www.alfaterm.com.br\/en\/informacoes\/boia-torre-resfriamento\/","title":{"rendered":"Boia para torre de resfriamento"},"content":{"rendered":"<p>A&nbsp;boia para torre de resfriamento&nbsp;\u00e9 um equipamento utilizado para controle de n\u00edvel. Existem v\u00e1rios tipos de boias dispon\u00edveis no mercado, como as do tipo el\u00e9tricas ou mec\u00e2nicas. Em geral, empresas que fabricam e instalam torres de resfriamento fornecem pe\u00e7as e componentes necess\u00e1rios para o funcionamento correto das estruturas.<\/p>\n\n\n\n<p>A principal fun\u00e7\u00e3o das torres \u00e9 remover o calor dos fluidos industriais e transferi-lo para a atmosfera, por meio do processo de dissipa\u00e7\u00e3o t\u00e9rmica pelo processo evaporativo. Empresas especializadas do setor oferecem componentes como boias, v\u00e1lvulas, eixos e outras pe\u00e7as para torres de v\u00e1rios tipos.<\/p>\n\n\n\n<h2 class=\"wp-block-heading\">ONDE ADQUIRIR BOIA PARA TORRE DE RESFRIAMENTO<\/h2>\n\n\n\n<p>Para adquirir&nbsp;boia para torre de resfriamento, \u00e9 preciso buscar por empresas especializadas na fabrica\u00e7\u00e3o e instala\u00e7\u00e3o de torres de resfriamento de \u00e1gua. Esses fornecedores oferecem os mais diversos componentes para torres de resfriamento, como h\u00e9lices axiais, acionamentos, polias e correias, bicos pulverizadores, eixos de transmiss\u00e3o, boias, ventiladores, entre outros. Al\u00e9m disso, suas solu\u00e7\u00f5es incluem o desenvolvimento de torres sob medida, de acordo com a necessidade do segmento industrial atendido.<\/p>\n\n\n\n<h2 class=\"wp-block-heading\">POR QUE COMPRAR BOIA PARA TORRE DE RESFRIAMENTO DE EMPRESAS ESPECIALIZADAS<\/h2>\n\n\n\n<p>S\u00e3o muitas as raz\u00f5es para comprar&nbsp;boia para torre de resfriamento&nbsp;de empresas especializadas. Somente fabricantes e prestadores de servi\u00e7os com experi\u00eancia no setor podem oferecer componentes de qualidade e confian\u00e7a para torres de resfriamento de \u00e1gua com diferentes sistemas.<\/p>\n\n\n\n<p>Essas empresas oferecem orienta\u00e7\u00e3o profissional para a escolha dos componentes adequados e servi\u00e7os de manuten\u00e7\u00e3o e instala\u00e7\u00e3o de excel\u00eancia. Al\u00e9m disso, o custo-benef\u00edcio da compra direta com o fabricante \u00e9 muito melhor e ainda inclui a garantia de proced\u00eancia.<\/p>\n\n\n\n<h2 class=\"wp-block-heading\">ALFATERM IND\u00daSTRIA E COM\u00c9RCIO LTDA.: BOIA PARA TORRE DE RESFRIAMENTO DE ALTO DESEMPENHO<\/h2>\n\n\n\n<p>A ALFATERM Ind\u00fastria e Com\u00e9rcio Ltda. \u00e9 uma renomada empresa especializada em dissipa\u00e7\u00e3o t\u00e9rmica que oferece&nbsp;boia para torre de resfriamento&nbsp;de alto desempenho. A empresa fornece diversos componentes de alta qualidade para torres de resfriamento de \u00e1gua, como enchimentos PP\/PVC, barras de respingo (BRT), retentores de gotas tipo perfil onda em polipropileno, h\u00e9lices axiais com p\u00e1is em fiberglass ou PP com \u00e2ngulo regul\u00e1vel, acionamentos diretos e redutores, eixos de transmiss\u00e3o, ventiladores, entre outros.<\/p>\n\n\n\n<p>A empresa acumula d\u00e9cadas de experi\u00eancia na fabrica\u00e7\u00e3o, instala\u00e7\u00e3o e manuten\u00e7\u00e3o de torres de resfriamento. Seus principais diferenciais no mercado s\u00e3o o controle de qualidade rigoroso, atendimento personalizado e excelente custo-benef\u00edcio em produtos e servi\u00e7os.<\/p>\n\n\n\n<h2 class=\"wp-block-heading\">Para saber mais sobre Assist\u00eancia t\u00e9cnica em torres de resfriar<\/h2>\n\n\n\n<p>Ligue para&nbsp;<strong>11 4156-8930<\/strong>&nbsp;ou&nbsp;<a href=\"https:\/\/www.alfaterm.com.br\/en\/contact\/\">clique aqui<\/a>&nbsp;e entre em contato por email.<\/p>","protected":false},"excerpt":{"rendered":"<p>A&nbsp;boia para torre de resfriamento&nbsp;\u00e9 um equipamento utilizado para controle de n\u00edvel. Existem v\u00e1rios tipos de boias dispon\u00edveis no mercado, como as do tipo el\u00e9tricas ou mec\u00e2nicas. Em geral, empresas que fabricam e instalam torres de resfriamento fornecem pe\u00e7as e componentes necess\u00e1rios para o funcionamento correto das estruturas. A principal fun\u00e7\u00e3o das torres \u00e9 remover [&hellip;]<\/p>","protected":false},"author":1,"featured_media":2203,"parent":2144,"menu_order":0,"comment_status":"closed","ping_status":"closed","template":"","meta":{"_acf_changed":false,"_joinchat":[],"footnotes":""},"class_list":["post-2195","page","type-page","status-publish","has-post-thumbnail","hentry"],"acf":[],"yoast_head":"<!-- This site is optimized with the Yoast SEO Premium plugin v23.4 (Yoast SEO v27.1.1) - https:\/\/yoast.com\/product\/yoast-seo-premium-wordpress\/ -->\n<title>Boia para torre de resfriamento - Bem-vindo \u00e0 ALFATERM<\/title>\n<meta name=\"robots\" content=\"index, follow, max-snippet:-1, max-image-preview:large, max-video-preview:-1\" \/>\n<link rel=\"canonical\" href=\"https:\/\/www.alfaterm.com.br\/en\/informacoes\/boia-torre-resfriamento\/\" \/>\n<meta property=\"og:locale\" content=\"en_US\" \/>\n<meta property=\"og:type\" content=\"article\" \/>\n<meta property=\"og:title\" content=\"Boia para torre de resfriamento\" \/>\n<meta property=\"og:description\" content=\"A&nbsp;boia para torre de resfriamento&nbsp;\u00e9 um equipamento utilizado para controle de n\u00edvel. Existem v\u00e1rios tipos de boias dispon\u00edveis no mercado, como as do tipo el\u00e9tricas ou mec\u00e2nicas. Em geral, empresas que fabricam e instalam torres de resfriamento fornecem pe\u00e7as e componentes necess\u00e1rios para o funcionamento correto das estruturas. A principal fun\u00e7\u00e3o das torres \u00e9 remover [&hellip;]\" \/>\n<meta property=\"og:url\" content=\"https:\/\/www.alfaterm.com.br\/en\/informacoes\/boia-torre-resfriamento\/\" \/>\n<meta property=\"og:site_name\" content=\"Bem-vindo \u00e0 ALFATERM\" \/>\n<meta property=\"article:modified_time\" content=\"2024-09-08T14:19:59+00:00\" \/>\n<meta property=\"og:image\" content=\"https:\/\/www.alfaterm.com.br\/wp-content\/uploads\/2024\/09\/boia-torre-resfriamento.webp\" \/>\n\t<meta property=\"og:image:width\" content=\"1124\" \/>\n\t<meta property=\"og:image:height\" content=\"1500\" \/>\n\t<meta property=\"og:image:type\" content=\"image\/webp\" \/>\n<meta name=\"twitter:card\" content=\"summary_large_image\" \/>\n<meta name=\"twitter:label1\" content=\"Est. reading time\" \/>\n\t<meta name=\"twitter:data1\" content=\"2 minutes\" \/>\n<script type=\"application\/ld+json\" class=\"yoast-schema-graph\">{\"@context\":\"https:\/\/schema.org\",\"@graph\":[{\"@type\":\"WebPage\",\"@id\":\"https:\/\/www.alfaterm.com.br\/informacoes\/boia-torre-resfriamento\/\",\"url\":\"https:\/\/www.alfaterm.com.br\/informacoes\/boia-torre-resfriamento\/\",\"name\":\"Boia para torre de resfriamento - Bem-vindo \u00e0 ALFATERM\",\"isPartOf\":{\"@id\":\"https:\/\/www.alfaterm.com.br\/#website\"},\"primaryImageOfPage\":{\"@id\":\"https:\/\/www.alfaterm.com.br\/informacoes\/boia-torre-resfriamento\/#primaryimage\"},\"image\":{\"@id\":\"https:\/\/www.alfaterm.com.br\/informacoes\/boia-torre-resfriamento\/#primaryimage\"},\"thumbnailUrl\":\"https:\/\/www.alfaterm.com.br\/wp-content\/uploads\/2024\/09\/boia-torre-resfriamento.webp\",\"datePublished\":\"2024-09-02T10:46:11+00:00\",\"dateModified\":\"2024-09-08T14:19:59+00:00\",\"breadcrumb\":{\"@id\":\"https:\/\/www.alfaterm.com.br\/informacoes\/boia-torre-resfriamento\/#breadcrumb\"},\"inLanguage\":\"en-US\",\"potentialAction\":[{\"@type\":\"ReadAction\",\"target\":[\"https:\/\/www.alfaterm.com.br\/informacoes\/boia-torre-resfriamento\/\"]}]},{\"@type\":\"ImageObject\",\"inLanguage\":\"en-US\",\"@id\":\"https:\/\/www.alfaterm.com.br\/informacoes\/boia-torre-resfriamento\/#primaryimage\",\"url\":\"https:\/\/www.alfaterm.com.br\/wp-content\/uploads\/2024\/09\/boia-torre-resfriamento.webp\",\"contentUrl\":\"https:\/\/www.alfaterm.com.br\/wp-content\/uploads\/2024\/09\/boia-torre-resfriamento.webp\",\"width\":1124,\"height\":1500},{\"@type\":\"BreadcrumbList\",\"@id\":\"https:\/\/www.alfaterm.com.br\/informacoes\/boia-torre-resfriamento\/#breadcrumb\",\"itemListElement\":[{\"@type\":\"ListItem\",\"position\":1,\"name\":\"Home\",\"item\":\"https:\/\/www.alfaterm.com.br\/\"},{\"@type\":\"ListItem\",\"position\":2,\"name\":\"Informa\u00e7\u00f5es\",\"item\":\"https:\/\/www.alfaterm.com.br\/informacoes\/\"},{\"@type\":\"ListItem\",\"position\":3,\"name\":\"Boia para torre de resfriamento\"}]},{\"@type\":\"WebSite\",\"@id\":\"https:\/\/www.alfaterm.com.br\/#website\",\"url\":\"https:\/\/www.alfaterm.com.br\/\",\"name\":\"Bem-vindo \u00e0 ALFATERM\",\"description\":\"\",\"publisher\":{\"@id\":\"https:\/\/www.alfaterm.com.br\/#organization\"},\"potentialAction\":[{\"@type\":\"SearchAction\",\"target\":{\"@type\":\"EntryPoint\",\"urlTemplate\":\"https:\/\/www.alfaterm.com.br\/?s={search_term_string}\"},\"query-input\":{\"@type\":\"PropertyValueSpecification\",\"valueRequired\":true,\"valueName\":\"search_term_string\"}}],\"inLanguage\":\"en-US\"},{\"@type\":\"Organization\",\"@id\":\"https:\/\/www.alfaterm.com.br\/#organization\",\"name\":\"Bem-vindo \u00e0 ALFATERM\",\"url\":\"https:\/\/www.alfaterm.com.br\/\",\"logo\":{\"@type\":\"ImageObject\",\"inLanguage\":\"en-US\",\"@id\":\"https:\/\/www.alfaterm.com.br\/#\/schema\/logo\/image\/\",\"url\":\"https:\/\/www.alfaterm.com.br\/wp-content\/uploads\/2024\/07\/logo-alfaterm.png\",\"contentUrl\":\"https:\/\/www.alfaterm.com.br\/wp-content\/uploads\/2024\/07\/logo-alfaterm.png\",\"width\":393,\"height\":45,\"caption\":\"Bem-vindo \u00e0 ALFATERM\"},\"image\":{\"@id\":\"https:\/\/www.alfaterm.com.br\/#\/schema\/logo\/image\/\"}}]}<\/script>\n<!-- \/ Yoast SEO Premium plugin. -->","yoast_head_json":{"title":"Boia para torre de resfriamento - Bem-vindo \u00e0 ALFATERM","robots":{"index":"index","follow":"follow","max-snippet":"max-snippet:-1","max-image-preview":"max-image-preview:large","max-video-preview":"max-video-preview:-1"},"canonical":"https:\/\/www.alfaterm.com.br\/en\/informacoes\/boia-torre-resfriamento\/","og_locale":"en_US","og_type":"article","og_title":"Boia para torre de resfriamento","og_description":"A&nbsp;boia para torre de resfriamento&nbsp;\u00e9 um equipamento utilizado para controle de n\u00edvel. Existem v\u00e1rios tipos de boias dispon\u00edveis no mercado, como as do tipo el\u00e9tricas ou mec\u00e2nicas. Em geral, empresas que fabricam e instalam torres de resfriamento fornecem pe\u00e7as e componentes necess\u00e1rios para o funcionamento correto das estruturas. A principal fun\u00e7\u00e3o das torres \u00e9 remover [&hellip;]","og_url":"https:\/\/www.alfaterm.com.br\/en\/informacoes\/boia-torre-resfriamento\/","og_site_name":"Bem-vindo \u00e0 ALFATERM","article_modified_time":"2024-09-08T14:19:59+00:00","og_image":[{"width":1124,"height":1500,"url":"https:\/\/www.alfaterm.com.br\/wp-content\/uploads\/2024\/09\/boia-torre-resfriamento.webp","type":"image\/webp"}],"twitter_card":"summary_large_image","twitter_misc":{"Est. reading time":"2 minutes"},"schema":{"@context":"https:\/\/schema.org","@graph":[{"@type":"WebPage","@id":"https:\/\/www.alfaterm.com.br\/informacoes\/boia-torre-resfriamento\/","url":"https:\/\/www.alfaterm.com.br\/informacoes\/boia-torre-resfriamento\/","name":"Boia para torre de resfriamento - Bem-vindo \u00e0 ALFATERM","isPartOf":{"@id":"https:\/\/www.alfaterm.com.br\/#website"},"primaryImageOfPage":{"@id":"https:\/\/www.alfaterm.com.br\/informacoes\/boia-torre-resfriamento\/#primaryimage"},"image":{"@id":"https:\/\/www.alfaterm.com.br\/informacoes\/boia-torre-resfriamento\/#primaryimage"},"thumbnailUrl":"https:\/\/www.alfaterm.com.br\/wp-content\/uploads\/2024\/09\/boia-torre-resfriamento.webp","datePublished":"2024-09-02T10:46:11+00:00","dateModified":"2024-09-08T14:19:59+00:00","breadcrumb":{"@id":"https:\/\/www.alfaterm.com.br\/informacoes\/boia-torre-resfriamento\/#breadcrumb"},"inLanguage":"en-US","potentialAction":[{"@type":"ReadAction","target":["https:\/\/www.alfaterm.com.br\/informacoes\/boia-torre-resfriamento\/"]}]},{"@type":"ImageObject","inLanguage":"en-US","@id":"https:\/\/www.alfaterm.com.br\/informacoes\/boia-torre-resfriamento\/#primaryimage","url":"https:\/\/www.alfaterm.com.br\/wp-content\/uploads\/2024\/09\/boia-torre-resfriamento.webp","contentUrl":"https:\/\/www.alfaterm.com.br\/wp-content\/uploads\/2024\/09\/boia-torre-resfriamento.webp","width":1124,"height":1500},{"@type":"BreadcrumbList","@id":"https:\/\/www.alfaterm.com.br\/informacoes\/boia-torre-resfriamento\/#breadcrumb","itemListElement":[{"@type":"ListItem","position":1,"name":"Home","item":"https:\/\/www.alfaterm.com.br\/"},{"@type":"ListItem","position":2,"name":"Informa\u00e7\u00f5es","item":"https:\/\/www.alfaterm.com.br\/informacoes\/"},{"@type":"ListItem","position":3,"name":"Boia para torre de resfriamento"}]},{"@type":"WebSite","@id":"https:\/\/www.alfaterm.com.br\/#website","url":"https:\/\/www.alfaterm.com.br\/","name":"Bem-vindo \u00e0 ALFATERM","description":"","publisher":{"@id":"https:\/\/www.alfaterm.com.br\/#organization"},"potentialAction":[{"@type":"SearchAction","target":{"@type":"EntryPoint","urlTemplate":"https:\/\/www.alfaterm.com.br\/?s={search_term_string}"},"query-input":{"@type":"PropertyValueSpecification","valueRequired":true,"valueName":"search_term_string"}}],"inLanguage":"en-US"},{"@type":"Organization","@id":"https:\/\/www.alfaterm.com.br\/#organization","name":"Bem-vindo \u00e0 ALFATERM","url":"https:\/\/www.alfaterm.com.br\/","logo":{"@type":"ImageObject","inLanguage":"en-US","@id":"https:\/\/www.alfaterm.com.br\/#\/schema\/logo\/image\/","url":"https:\/\/www.alfaterm.com.br\/wp-content\/uploads\/2024\/07\/logo-alfaterm.png","contentUrl":"https:\/\/www.alfaterm.com.br\/wp-content\/uploads\/2024\/07\/logo-alfaterm.png","width":393,"height":45,"caption":"Bem-vindo \u00e0 ALFATERM"},"image":{"@id":"https:\/\/www.alfaterm.com.br\/#\/schema\/logo\/image\/"}}]}},"_links":{"self":[{"href":"https:\/\/www.alfaterm.com.br\/en\/wp-json\/wp\/v2\/pages\/2195","targetHints":{"allow":["GET"]}}],"collection":[{"href":"https:\/\/www.alfaterm.com.br\/en\/wp-json\/wp\/v2\/pages"}],"about":[{"href":"https:\/\/www.alfaterm.com.br\/en\/wp-json\/wp\/v2\/types\/page"}],"author":[{"embeddable":true,"href":"https:\/\/www.alfaterm.com.br\/en\/wp-json\/wp\/v2\/users\/1"}],"replies":[{"embeddable":true,"href":"https:\/\/www.alfaterm.com.br\/en\/wp-json\/wp\/v2\/comments?post=2195"}],"version-history":[{"count":0,"href":"https:\/\/www.alfaterm.com.br\/en\/wp-json\/wp\/v2\/pages\/2195\/revisions"}],"up":[{"embeddable":true,"href":"https:\/\/www.alfaterm.com.br\/en\/wp-json\/wp\/v2\/pages\/2144"}],"wp:featuredmedia":[{"embeddable":true,"href":"https:\/\/www.alfaterm.com.br\/en\/wp-json\/wp\/v2\/media\/2203"}],"wp:attachment":[{"href":"https:\/\/www.alfaterm.com.br\/en\/wp-json\/wp\/v2\/media?parent=2195"}],"curies":[{"name":"wp","href":"https:\/\/api.w.org\/{rel}","templated":true}]}}