{"id":2187,"date":"2024-09-02T07:39:46","date_gmt":"2024-09-02T10:39:46","guid":{"rendered":"https:\/\/www.alfaterm.com.br\/?page_id=2187"},"modified":"2024-09-08T11:23:07","modified_gmt":"2024-09-08T14:23:07","slug":"aluguel-torres-resfriamento","status":"publish","type":"page","link":"https:\/\/www.alfaterm.com.br\/en\/informacoes\/aluguel-torres-resfriamento\/","title":{"rendered":"Rental cooling towers"},"content":{"rendered":"<p>As torres de resfriamento s\u00e3o equipamentos essenciais nos processos industriais, bem como nos trabalhos das usinas de a\u00e7\u00facar e \u00e1lcool, j\u00e1 que permitem a dissipa\u00e7\u00e3o e a rejei\u00e7\u00e3o de calor em uma grande massa de \u00e1gua, com total efici\u00eancia e praticidade. Al\u00e9m disso, essas m\u00e1quinas auxiliam na redu\u00e7\u00e3o do consumo de energia el\u00e9trica, contribuindo para o aumento da produtividade e a diminui\u00e7\u00e3o de gastos dos estabelecimentos. Por esse motivo, \u00e9 comum a procura pelo&nbsp;aluguel de torres de resfriamento, j\u00e1 que a loca\u00e7\u00e3o da m\u00e1quina \u00e9 uma op\u00e7\u00e3o muito vantajosa para quem deseja usufruir dos benef\u00edcios do equipamento de refrigera\u00e7\u00e3o.<\/p>\n\n\n\n<h2 class=\"wp-block-heading\">AS VANTAGENS DO ALUGUEL DE TORRES DE RESFRIAMENTO<\/h2>\n\n\n\n<p>O&nbsp;aluguel de torres de resfriamento&nbsp;deve ser realizado em uma empresa especializada e que tenha reconhecimento no mercado. Dessa maneira, \u00e9 poss\u00edvel adquirir um equipamento de excelente n\u00edvel de qualidade e com garantia. Uma das principais vantagens do&nbsp;aluguel de torres de resfriamento&nbsp;\u00e9 o uso da m\u00e1quina por um per\u00edodo determinado, sendo que o cliente pode escolher por quanto tempo deseja locar o produto.<\/p>\n\n\n\n<p>Outra caracter\u00edstica positiva do&nbsp;aluguel de torres de resfriamento&nbsp;est\u00e1 nos compromissos contratuais da locat\u00e1ria e do locador. Nesse sentido, \u00e9 de responsabilidade da empresa de loca\u00e7\u00e3o realizar procedimentos de reparo e assist\u00eancia t\u00e9cnica do equipamento, quando necess\u00e1rio, sem que o cliente precise se preocupar. Entre outras vantagens do&nbsp;aluguel de torres de resfriamento, \u00e9 poss\u00edvel destacar:<\/p>\n\n\n\n<p>As torres de resfriamento alugadas s\u00e3o atualizadas periodicamente e, assim, tem-se um equipamento moderno; O pre\u00e7o do&nbsp;aluguel de torres de resfriamento&nbsp;\u00e9 acess\u00edvel e compat\u00edvel com o mercado; A locadora realiza testes de controle de qualidade para averiguar todas as condi\u00e7\u00f5es de funcionamento das torres de resfriamento.<\/p>\n\n\n\n<h2 class=\"wp-block-heading\">LOCA\u00c7\u00c3O DE TORRES DE RESFRIAMENTO COM A ALFATERM IND\u00daSTRIA E COM\u00c9RCIO LTDA.<\/h2>\n\n\n\n<p>A ALFATERM Ind\u00fastria e Com\u00e9rcio Ltda. realiza o&nbsp;aluguel de torres de resfriamento&nbsp;com efici\u00eancia, qualidade e os melhores pre\u00e7os do mercado. A empresa \u00e9 reconhecida pela excel\u00eancia nos servi\u00e7os de fabrica\u00e7\u00e3o, montagem e loca\u00e7\u00e3o de equipamentos para refrigera\u00e7\u00e3o de \u00e1gua, com ampla atua\u00e7\u00e3o em usinas de todo o territ\u00f3rio nacional, Am\u00e9rica Latina e Am\u00e9rica Central. Al\u00e9m disso, a ALFATERM Ind\u00fastria e Com\u00e9rcio Ltda. tem um sistema integrado de gest\u00e3o, com qualidade ISO 14001, e preza pelo melhor atendimento para cada um de seus clientes.<\/p>\n\n\n\n<h2 class=\"wp-block-heading\">Para saber mais sobre Assist\u00eancia t\u00e9cnica em torres de resfriar<\/h2>\n\n\n\n<p>Ligue para&nbsp;<strong>11 4156-8930<\/strong>&nbsp;ou&nbsp;<a href=\"https:\/\/www.alfaterm.com.br\/en\/contact\/\">clique aqui<\/a>&nbsp;e entre em contato por email.<\/p>\n\n\n\n<p><\/p>","protected":false},"excerpt":{"rendered":"<p>As torres de resfriamento s\u00e3o equipamentos essenciais nos processos industriais, bem como nos trabalhos das usinas de a\u00e7\u00facar e \u00e1lcool, j\u00e1 que permitem a dissipa\u00e7\u00e3o e a rejei\u00e7\u00e3o de calor em uma grande massa de \u00e1gua, com total efici\u00eancia e praticidade. Al\u00e9m disso, essas m\u00e1quinas auxiliam na redu\u00e7\u00e3o do consumo de energia el\u00e9trica, contribuindo para [&hellip;]<\/p>","protected":false},"author":1,"featured_media":2188,"parent":2144,"menu_order":0,"comment_status":"closed","ping_status":"closed","template":"","meta":{"_acf_changed":false,"_joinchat":[],"footnotes":""},"class_list":["post-2187","page","type-page","status-publish","has-post-thumbnail","hentry"],"acf":[],"yoast_head":"<!-- This site is optimized with the Yoast SEO Premium plugin v23.4 (Yoast SEO v27.1.1) - https:\/\/yoast.com\/product\/yoast-seo-premium-wordpress\/ -->\n<title>Aluguel de torres de resfriamento - Bem-vindo \u00e0 ALFATERM<\/title>\n<meta name=\"robots\" content=\"index, follow, max-snippet:-1, max-image-preview:large, max-video-preview:-1\" \/>\n<link rel=\"canonical\" href=\"https:\/\/www.alfaterm.com.br\/en\/informacoes\/aluguel-torres-resfriamento\/\" \/>\n<meta property=\"og:locale\" content=\"en_US\" \/>\n<meta property=\"og:type\" content=\"article\" \/>\n<meta property=\"og:title\" content=\"Aluguel de torres de resfriamento\" \/>\n<meta property=\"og:description\" content=\"As torres de resfriamento s\u00e3o equipamentos essenciais nos processos industriais, bem como nos trabalhos das usinas de a\u00e7\u00facar e \u00e1lcool, j\u00e1 que permitem a dissipa\u00e7\u00e3o e a rejei\u00e7\u00e3o de calor em uma grande massa de \u00e1gua, com total efici\u00eancia e praticidade. Al\u00e9m disso, essas m\u00e1quinas auxiliam na redu\u00e7\u00e3o do consumo de energia el\u00e9trica, contribuindo para [&hellip;]\" \/>\n<meta property=\"og:url\" content=\"https:\/\/www.alfaterm.com.br\/en\/informacoes\/aluguel-torres-resfriamento\/\" \/>\n<meta property=\"og:site_name\" content=\"Bem-vindo \u00e0 ALFATERM\" \/>\n<meta property=\"article:modified_time\" content=\"2024-09-08T14:23:07+00:00\" \/>\n<meta property=\"og:image\" content=\"https:\/\/www.alfaterm.com.br\/wp-content\/uploads\/2024\/09\/aluguel-torres-resfriamento.webp\" \/>\n\t<meta property=\"og:image:width\" content=\"1500\" \/>\n\t<meta property=\"og:image:height\" content=\"1294\" \/>\n\t<meta property=\"og:image:type\" content=\"image\/webp\" \/>\n<meta name=\"twitter:card\" content=\"summary_large_image\" \/>\n<meta name=\"twitter:label1\" content=\"Est. reading time\" \/>\n\t<meta name=\"twitter:data1\" content=\"2 minutes\" \/>\n<script type=\"application\/ld+json\" class=\"yoast-schema-graph\">{\"@context\":\"https:\/\/schema.org\",\"@graph\":[{\"@type\":\"WebPage\",\"@id\":\"https:\/\/www.alfaterm.com.br\/informacoes\/aluguel-torres-resfriamento\/\",\"url\":\"https:\/\/www.alfaterm.com.br\/informacoes\/aluguel-torres-resfriamento\/\",\"name\":\"Aluguel de torres de resfriamento - Bem-vindo \u00e0 ALFATERM\",\"isPartOf\":{\"@id\":\"https:\/\/www.alfaterm.com.br\/#website\"},\"primaryImageOfPage\":{\"@id\":\"https:\/\/www.alfaterm.com.br\/informacoes\/aluguel-torres-resfriamento\/#primaryimage\"},\"image\":{\"@id\":\"https:\/\/www.alfaterm.com.br\/informacoes\/aluguel-torres-resfriamento\/#primaryimage\"},\"thumbnailUrl\":\"https:\/\/www.alfaterm.com.br\/wp-content\/uploads\/2024\/09\/aluguel-torres-resfriamento.webp\",\"datePublished\":\"2024-09-02T10:39:46+00:00\",\"dateModified\":\"2024-09-08T14:23:07+00:00\",\"breadcrumb\":{\"@id\":\"https:\/\/www.alfaterm.com.br\/informacoes\/aluguel-torres-resfriamento\/#breadcrumb\"},\"inLanguage\":\"en-US\",\"potentialAction\":[{\"@type\":\"ReadAction\",\"target\":[\"https:\/\/www.alfaterm.com.br\/informacoes\/aluguel-torres-resfriamento\/\"]}]},{\"@type\":\"ImageObject\",\"inLanguage\":\"en-US\",\"@id\":\"https:\/\/www.alfaterm.com.br\/informacoes\/aluguel-torres-resfriamento\/#primaryimage\",\"url\":\"https:\/\/www.alfaterm.com.br\/wp-content\/uploads\/2024\/09\/aluguel-torres-resfriamento.webp\",\"contentUrl\":\"https:\/\/www.alfaterm.com.br\/wp-content\/uploads\/2024\/09\/aluguel-torres-resfriamento.webp\",\"width\":1500,\"height\":1294},{\"@type\":\"BreadcrumbList\",\"@id\":\"https:\/\/www.alfaterm.com.br\/informacoes\/aluguel-torres-resfriamento\/#breadcrumb\",\"itemListElement\":[{\"@type\":\"ListItem\",\"position\":1,\"name\":\"Home\",\"item\":\"https:\/\/www.alfaterm.com.br\/\"},{\"@type\":\"ListItem\",\"position\":2,\"name\":\"Informa\u00e7\u00f5es\",\"item\":\"https:\/\/www.alfaterm.com.br\/informacoes\/\"},{\"@type\":\"ListItem\",\"position\":3,\"name\":\"Aluguel de torres de resfriamento\"}]},{\"@type\":\"WebSite\",\"@id\":\"https:\/\/www.alfaterm.com.br\/#website\",\"url\":\"https:\/\/www.alfaterm.com.br\/\",\"name\":\"Bem-vindo \u00e0 ALFATERM\",\"description\":\"\",\"publisher\":{\"@id\":\"https:\/\/www.alfaterm.com.br\/#organization\"},\"potentialAction\":[{\"@type\":\"SearchAction\",\"target\":{\"@type\":\"EntryPoint\",\"urlTemplate\":\"https:\/\/www.alfaterm.com.br\/?s={search_term_string}\"},\"query-input\":{\"@type\":\"PropertyValueSpecification\",\"valueRequired\":true,\"valueName\":\"search_term_string\"}}],\"inLanguage\":\"en-US\"},{\"@type\":\"Organization\",\"@id\":\"https:\/\/www.alfaterm.com.br\/#organization\",\"name\":\"Bem-vindo \u00e0 ALFATERM\",\"url\":\"https:\/\/www.alfaterm.com.br\/\",\"logo\":{\"@type\":\"ImageObject\",\"inLanguage\":\"en-US\",\"@id\":\"https:\/\/www.alfaterm.com.br\/#\/schema\/logo\/image\/\",\"url\":\"https:\/\/www.alfaterm.com.br\/wp-content\/uploads\/2024\/07\/logo-alfaterm.png\",\"contentUrl\":\"https:\/\/www.alfaterm.com.br\/wp-content\/uploads\/2024\/07\/logo-alfaterm.png\",\"width\":393,\"height\":45,\"caption\":\"Bem-vindo \u00e0 ALFATERM\"},\"image\":{\"@id\":\"https:\/\/www.alfaterm.com.br\/#\/schema\/logo\/image\/\"}}]}<\/script>\n<!-- \/ Yoast SEO Premium plugin. -->","yoast_head_json":{"title":"Aluguel de torres de resfriamento - Bem-vindo \u00e0 ALFATERM","robots":{"index":"index","follow":"follow","max-snippet":"max-snippet:-1","max-image-preview":"max-image-preview:large","max-video-preview":"max-video-preview:-1"},"canonical":"https:\/\/www.alfaterm.com.br\/en\/informacoes\/aluguel-torres-resfriamento\/","og_locale":"en_US","og_type":"article","og_title":"Aluguel de torres de resfriamento","og_description":"As torres de resfriamento s\u00e3o equipamentos essenciais nos processos industriais, bem como nos trabalhos das usinas de a\u00e7\u00facar e \u00e1lcool, j\u00e1 que permitem a dissipa\u00e7\u00e3o e a rejei\u00e7\u00e3o de calor em uma grande massa de \u00e1gua, com total efici\u00eancia e praticidade. Al\u00e9m disso, essas m\u00e1quinas auxiliam na redu\u00e7\u00e3o do consumo de energia el\u00e9trica, contribuindo para [&hellip;]","og_url":"https:\/\/www.alfaterm.com.br\/en\/informacoes\/aluguel-torres-resfriamento\/","og_site_name":"Bem-vindo \u00e0 ALFATERM","article_modified_time":"2024-09-08T14:23:07+00:00","og_image":[{"width":1500,"height":1294,"url":"https:\/\/www.alfaterm.com.br\/wp-content\/uploads\/2024\/09\/aluguel-torres-resfriamento.webp","type":"image\/webp"}],"twitter_card":"summary_large_image","twitter_misc":{"Est. reading time":"2 minutes"},"schema":{"@context":"https:\/\/schema.org","@graph":[{"@type":"WebPage","@id":"https:\/\/www.alfaterm.com.br\/informacoes\/aluguel-torres-resfriamento\/","url":"https:\/\/www.alfaterm.com.br\/informacoes\/aluguel-torres-resfriamento\/","name":"Aluguel de torres de resfriamento - Bem-vindo \u00e0 ALFATERM","isPartOf":{"@id":"https:\/\/www.alfaterm.com.br\/#website"},"primaryImageOfPage":{"@id":"https:\/\/www.alfaterm.com.br\/informacoes\/aluguel-torres-resfriamento\/#primaryimage"},"image":{"@id":"https:\/\/www.alfaterm.com.br\/informacoes\/aluguel-torres-resfriamento\/#primaryimage"},"thumbnailUrl":"https:\/\/www.alfaterm.com.br\/wp-content\/uploads\/2024\/09\/aluguel-torres-resfriamento.webp","datePublished":"2024-09-02T10:39:46+00:00","dateModified":"2024-09-08T14:23:07+00:00","breadcrumb":{"@id":"https:\/\/www.alfaterm.com.br\/informacoes\/aluguel-torres-resfriamento\/#breadcrumb"},"inLanguage":"en-US","potentialAction":[{"@type":"ReadAction","target":["https:\/\/www.alfaterm.com.br\/informacoes\/aluguel-torres-resfriamento\/"]}]},{"@type":"ImageObject","inLanguage":"en-US","@id":"https:\/\/www.alfaterm.com.br\/informacoes\/aluguel-torres-resfriamento\/#primaryimage","url":"https:\/\/www.alfaterm.com.br\/wp-content\/uploads\/2024\/09\/aluguel-torres-resfriamento.webp","contentUrl":"https:\/\/www.alfaterm.com.br\/wp-content\/uploads\/2024\/09\/aluguel-torres-resfriamento.webp","width":1500,"height":1294},{"@type":"BreadcrumbList","@id":"https:\/\/www.alfaterm.com.br\/informacoes\/aluguel-torres-resfriamento\/#breadcrumb","itemListElement":[{"@type":"ListItem","position":1,"name":"Home","item":"https:\/\/www.alfaterm.com.br\/"},{"@type":"ListItem","position":2,"name":"Informa\u00e7\u00f5es","item":"https:\/\/www.alfaterm.com.br\/informacoes\/"},{"@type":"ListItem","position":3,"name":"Aluguel de torres de resfriamento"}]},{"@type":"WebSite","@id":"https:\/\/www.alfaterm.com.br\/#website","url":"https:\/\/www.alfaterm.com.br\/","name":"Bem-vindo \u00e0 ALFATERM","description":"","publisher":{"@id":"https:\/\/www.alfaterm.com.br\/#organization"},"potentialAction":[{"@type":"SearchAction","target":{"@type":"EntryPoint","urlTemplate":"https:\/\/www.alfaterm.com.br\/?s={search_term_string}"},"query-input":{"@type":"PropertyValueSpecification","valueRequired":true,"valueName":"search_term_string"}}],"inLanguage":"en-US"},{"@type":"Organization","@id":"https:\/\/www.alfaterm.com.br\/#organization","name":"Bem-vindo \u00e0 ALFATERM","url":"https:\/\/www.alfaterm.com.br\/","logo":{"@type":"ImageObject","inLanguage":"en-US","@id":"https:\/\/www.alfaterm.com.br\/#\/schema\/logo\/image\/","url":"https:\/\/www.alfaterm.com.br\/wp-content\/uploads\/2024\/07\/logo-alfaterm.png","contentUrl":"https:\/\/www.alfaterm.com.br\/wp-content\/uploads\/2024\/07\/logo-alfaterm.png","width":393,"height":45,"caption":"Bem-vindo \u00e0 ALFATERM"},"image":{"@id":"https:\/\/www.alfaterm.com.br\/#\/schema\/logo\/image\/"}}]}},"_links":{"self":[{"href":"https:\/\/www.alfaterm.com.br\/en\/wp-json\/wp\/v2\/pages\/2187","targetHints":{"allow":["GET"]}}],"collection":[{"href":"https:\/\/www.alfaterm.com.br\/en\/wp-json\/wp\/v2\/pages"}],"about":[{"href":"https:\/\/www.alfaterm.com.br\/en\/wp-json\/wp\/v2\/types\/page"}],"author":[{"embeddable":true,"href":"https:\/\/www.alfaterm.com.br\/en\/wp-json\/wp\/v2\/users\/1"}],"replies":[{"embeddable":true,"href":"https:\/\/www.alfaterm.com.br\/en\/wp-json\/wp\/v2\/comments?post=2187"}],"version-history":[{"count":0,"href":"https:\/\/www.alfaterm.com.br\/en\/wp-json\/wp\/v2\/pages\/2187\/revisions"}],"up":[{"embeddable":true,"href":"https:\/\/www.alfaterm.com.br\/en\/wp-json\/wp\/v2\/pages\/2144"}],"wp:featuredmedia":[{"embeddable":true,"href":"https:\/\/www.alfaterm.com.br\/en\/wp-json\/wp\/v2\/media\/2188"}],"wp:attachment":[{"href":"https:\/\/www.alfaterm.com.br\/en\/wp-json\/wp\/v2\/media?parent=2187"}],"curies":[{"name":"wp","href":"https:\/\/api.w.org\/{rel}","templated":true}]}}